{"id":961,"date":"2023-09-22T23:24:50","date_gmt":"2023-09-22T21:24:50","guid":{"rendered":"https:\/\/dechupet.in\/?post_type=product&#038;p=961"},"modified":"2024-10-02T22:38:29","modified_gmt":"2024-10-02T20:38:29","slug":"bolsita-esponja-para-jabon","status":"publish","type":"product","link":"https:\/\/dechupet.in\/index.php\/product\/bolsita-esponja-para-jabon\/","title":{"rendered":"Bolsita esponja para jab\u00f3n"},"content":{"rendered":"","protected":false},"excerpt":{"rendered":"<p>La bolsita esponja est\u00e1 pensada para poner dentro la pastilla de jab\u00f3n y utilizarla como esponja.<\/p>\n<p>Est\u00e1 confeccionada con rizo de bamb\u00fa ideal por su suavidad y sus propiedades como tejido antimic\u00f3tico y antialerg\u00e9nico.<\/p>\n<p>NO INCLUYE EL JABON<\/p>\n<p>&nbsp;<\/p>\n","protected":false},"featured_media":962,"comment_status":"open","ping_status":"closed","template":"","meta":[],"product_brand":[],"product_cat":[63],"product_tag":[],"class_list":{"0":"post-961","1":"product","2":"type-product","3":"status-publish","4":"has-post-thumbnail","6":"product_cat-productos-reutilizables","8":"first","9":"instock","10":"sale","11":"taxable","12":"shipping-taxable","13":"purchasable","14":"product-type-simple"},"jetpack_sharing_enabled":true,"_links":{"self":[{"href":"https:\/\/dechupet.in\/index.php\/wp-json\/wp\/v2\/product\/961","targetHints":{"allow":["GET"]}}],"collection":[{"href":"https:\/\/dechupet.in\/index.php\/wp-json\/wp\/v2\/product"}],"about":[{"href":"https:\/\/dechupet.in\/index.php\/wp-json\/wp\/v2\/types\/product"}],"replies":[{"embeddable":true,"href":"https:\/\/dechupet.in\/index.php\/wp-json\/wp\/v2\/comments?post=961"}],"wp:featuredmedia":[{"embeddable":true,"href":"https:\/\/dechupet.in\/index.php\/wp-json\/wp\/v2\/media\/962"}],"wp:attachment":[{"href":"https:\/\/dechupet.in\/index.php\/wp-json\/wp\/v2\/media?parent=961"}],"wp:term":[{"taxonomy":"product_brand","embeddable":true,"href":"https:\/\/dechupet.in\/index.php\/wp-json\/wp\/v2\/product_brand?post=961"},{"taxonomy":"product_cat","embeddable":true,"href":"https:\/\/dechupet.in\/index.php\/wp-json\/wp\/v2\/product_cat?post=961"},{"taxonomy":"product_tag","embeddable":true,"href":"https:\/\/dechupet.in\/index.php\/wp-json\/wp\/v2\/product_tag?post=961"}],"curies":[{"name":"wp","href":"https:\/\/api.w.org\/{rel}","templated":true}]}}