{"id":947,"date":"2023-09-22T23:06:32","date_gmt":"2023-09-22T21:06:32","guid":{"rendered":"https:\/\/dechupet.in\/?post_type=product&#038;p=947"},"modified":"2025-07-09T13:09:28","modified_gmt":"2025-07-09T11:09:28","slug":"manta-sensorial-fun","status":"publish","type":"product","link":"https:\/\/dechupet.in\/index.php\/product\/manta-sensorial-fun\/","title":{"rendered":"Manta Sensorial \u00abFun\u00bb"},"content":{"rendered":"","protected":false},"excerpt":{"rendered":"<p>Si buscas juguetes sensoriales, las mantas o alfombras sensoriales son una opci\u00f3n perfecta para la estimulaci\u00f3n temprana de l@s beb\u00e9s<\/p>\n<p>Esta se llama \u00abFun\u00bb y mide 100 x 100 cm. Est\u00e1 confeccionada con tejidos estampados 100% de algod\u00f3n entre los que se encuentran tejidos de texturas para la estimulaci\u00f3n del tacto. El interior est\u00e1 provisto de una goata de 200 mm. de gramaje que la hace mullidita. Se compone de 5 cuadrados por fila y columna de 20\u00d720 cm. En esta medida ponemos mordedor extra\u00edble de madera natural, bolitas de madera natural, cintas de colores, cord\u00f3n de nudos de trapillo y 10 aplicaciones variadas de fieltro. Recomendamos colocarla sobre una superficie que la a\u00edsle del suelo para evitar que se ensucie. Puede lavarse a m\u00e1quina sin problema con un programa y centrifugado cortos. Plancharla siempre por la parte de atr\u00e1s.<\/p>\n<p>La alfombra o manta de juegos ayudar\u00e1 al beb\u00e9 en su desarrollo psicomotor estimulando su curiosidad y sus sentidos.<\/p>\n<p>Si quieres una para tu peque y te gustar\u00eda personalizarla con su nombre, indicanoslo en la cajita de comentarios al hacer tu pedido y lo pondremos entre una de las 10 aplicaciones.<\/p>\n<p>Plazo de entrega: 15 dias<\/p>\n","protected":false},"featured_media":948,"comment_status":"open","ping_status":"closed","template":"","meta":[],"product_brand":[],"product_cat":[24],"product_tag":[],"class_list":{"0":"post-947","1":"product","2":"type-product","3":"status-publish","4":"has-post-thumbnail","6":"product_cat-alfombra-sensorial","8":"first","9":"instock","10":"sale","11":"taxable","12":"shipping-taxable","13":"purchasable","14":"product-type-simple"},"jetpack_sharing_enabled":true,"_links":{"self":[{"href":"https:\/\/dechupet.in\/index.php\/wp-json\/wp\/v2\/product\/947","targetHints":{"allow":["GET"]}}],"collection":[{"href":"https:\/\/dechupet.in\/index.php\/wp-json\/wp\/v2\/product"}],"about":[{"href":"https:\/\/dechupet.in\/index.php\/wp-json\/wp\/v2\/types\/product"}],"replies":[{"embeddable":true,"href":"https:\/\/dechupet.in\/index.php\/wp-json\/wp\/v2\/comments?post=947"}],"wp:featuredmedia":[{"embeddable":true,"href":"https:\/\/dechupet.in\/index.php\/wp-json\/wp\/v2\/media\/948"}],"wp:attachment":[{"href":"https:\/\/dechupet.in\/index.php\/wp-json\/wp\/v2\/media?parent=947"}],"wp:term":[{"taxonomy":"product_brand","embeddable":true,"href":"https:\/\/dechupet.in\/index.php\/wp-json\/wp\/v2\/product_brand?post=947"},{"taxonomy":"product_cat","embeddable":true,"href":"https:\/\/dechupet.in\/index.php\/wp-json\/wp\/v2\/product_cat?post=947"},{"taxonomy":"product_tag","embeddable":true,"href":"https:\/\/dechupet.in\/index.php\/wp-json\/wp\/v2\/product_tag?post=947"}],"curies":[{"name":"wp","href":"https:\/\/api.w.org\/{rel}","templated":true}]}}