{"id":940,"date":"2023-09-22T22:49:49","date_gmt":"2023-09-22T20:49:49","guid":{"rendered":"https:\/\/dechupet.in\/?post_type=product&#038;p=940"},"modified":"2024-09-14T20:48:49","modified_gmt":"2024-09-14T18:48:49","slug":"pack-10-discos-desmaquillantes-reutilizables","status":"publish","type":"product","link":"https:\/\/dechupet.in\/index.php\/product\/pack-10-discos-desmaquillantes-reutilizables\/","title":{"rendered":"Pack 12 discos desmaquillantes reutilizables"},"content":{"rendered":"","protected":false},"excerpt":{"rendered":"<p>Este pack se compone de 12 discos desmaquillantes de tela. La parte externa es de un estampado de algod\u00f3n y la parte que limpia la piel es de rizo de bamb\u00fa, un tejido antialerg\u00e9nico y antimic\u00f3tico,\u00a0 respetuoso con la piel e ideal por su suavidad. Estampados variados.<\/p>\n<p>Plazo de entrega: 1 Semana<\/p>\n","protected":false},"featured_media":941,"comment_status":"open","ping_status":"closed","template":"","meta":[],"product_brand":[],"product_cat":[63],"product_tag":[],"class_list":{"0":"post-940","1":"product","2":"type-product","3":"status-publish","4":"has-post-thumbnail","6":"product_cat-productos-reutilizables","8":"first","9":"instock","10":"sale","11":"taxable","12":"shipping-taxable","13":"purchasable","14":"product-type-simple"},"jetpack_sharing_enabled":true,"_links":{"self":[{"href":"https:\/\/dechupet.in\/index.php\/wp-json\/wp\/v2\/product\/940","targetHints":{"allow":["GET"]}}],"collection":[{"href":"https:\/\/dechupet.in\/index.php\/wp-json\/wp\/v2\/product"}],"about":[{"href":"https:\/\/dechupet.in\/index.php\/wp-json\/wp\/v2\/types\/product"}],"replies":[{"embeddable":true,"href":"https:\/\/dechupet.in\/index.php\/wp-json\/wp\/v2\/comments?post=940"}],"wp:featuredmedia":[{"embeddable":true,"href":"https:\/\/dechupet.in\/index.php\/wp-json\/wp\/v2\/media\/941"}],"wp:attachment":[{"href":"https:\/\/dechupet.in\/index.php\/wp-json\/wp\/v2\/media?parent=940"}],"wp:term":[{"taxonomy":"product_brand","embeddable":true,"href":"https:\/\/dechupet.in\/index.php\/wp-json\/wp\/v2\/product_brand?post=940"},{"taxonomy":"product_cat","embeddable":true,"href":"https:\/\/dechupet.in\/index.php\/wp-json\/wp\/v2\/product_cat?post=940"},{"taxonomy":"product_tag","embeddable":true,"href":"https:\/\/dechupet.in\/index.php\/wp-json\/wp\/v2\/product_tag?post=940"}],"curies":[{"name":"wp","href":"https:\/\/api.w.org\/{rel}","templated":true}]}}