{"id":934,"date":"2023-09-22T22:32:51","date_gmt":"2023-09-22T20:32:51","guid":{"rendered":"https:\/\/dechupet.in\/?post_type=product&#038;p=934"},"modified":"2025-07-09T13:11:28","modified_gmt":"2025-07-09T11:11:28","slug":"salva-slip-de-tela-reutilizable","status":"publish","type":"product","link":"https:\/\/dechupet.in\/index.php\/product\/salva-slip-de-tela-reutilizable\/","title":{"rendered":"Salva slip de tela reutilizable"},"content":{"rendered":"","protected":false},"excerpt":{"rendered":"<p>Salva slip de tela,\u00a0 reutilizable,\u00a0 18 x 14cm.<\/p>\n<p>Est\u00e1 confeccionad0 con una parte estampada de algod\u00f3n que va en contacto con la braguita. La parte que va en contacto con la piel puede ser de franela de algod\u00f3n o de rizo de bamb\u00fa ( a elegir). Comentanos tu eleccion en la cajita de comentarios al finalizar tu pedido. La parte interna de la compresa tiene una capa de absorci\u00f3n qu te aportar\u00e1 total seguridad y tu piel se ver\u00e1 libre de los qu\u00edmicos y pl\u00e1sticos que llevan las compresas desechables.<\/p>\n<p>La duraci\u00f3n de las compresas y salva slips de tela es de 3 o 4 a\u00f1os con lo que estar\u00e1s contribuyendo a generar menos residuos al planeta.<\/p>\n<p>Plazo de entrega: 1 semana<\/p>\n","protected":false},"featured_media":932,"comment_status":"open","ping_status":"closed","template":"","meta":[],"product_brand":[],"product_cat":[63],"product_tag":[],"class_list":{"0":"post-934","1":"product","2":"type-product","3":"status-publish","4":"has-post-thumbnail","6":"product_cat-productos-reutilizables","8":"first","9":"instock","10":"sale","11":"taxable","12":"shipping-taxable","13":"purchasable","14":"product-type-simple"},"jetpack_sharing_enabled":true,"_links":{"self":[{"href":"https:\/\/dechupet.in\/index.php\/wp-json\/wp\/v2\/product\/934","targetHints":{"allow":["GET"]}}],"collection":[{"href":"https:\/\/dechupet.in\/index.php\/wp-json\/wp\/v2\/product"}],"about":[{"href":"https:\/\/dechupet.in\/index.php\/wp-json\/wp\/v2\/types\/product"}],"replies":[{"embeddable":true,"href":"https:\/\/dechupet.in\/index.php\/wp-json\/wp\/v2\/comments?post=934"}],"wp:featuredmedia":[{"embeddable":true,"href":"https:\/\/dechupet.in\/index.php\/wp-json\/wp\/v2\/media\/932"}],"wp:attachment":[{"href":"https:\/\/dechupet.in\/index.php\/wp-json\/wp\/v2\/media?parent=934"}],"wp:term":[{"taxonomy":"product_brand","embeddable":true,"href":"https:\/\/dechupet.in\/index.php\/wp-json\/wp\/v2\/product_brand?post=934"},{"taxonomy":"product_cat","embeddable":true,"href":"https:\/\/dechupet.in\/index.php\/wp-json\/wp\/v2\/product_cat?post=934"},{"taxonomy":"product_tag","embeddable":true,"href":"https:\/\/dechupet.in\/index.php\/wp-json\/wp\/v2\/product_tag?post=934"}],"curies":[{"name":"wp","href":"https:\/\/api.w.org\/{rel}","templated":true}]}}