{"id":931,"date":"2023-09-22T22:27:17","date_gmt":"2023-09-22T20:27:17","guid":{"rendered":"https:\/\/dechupet.in\/?post_type=product&#038;p=931"},"modified":"2025-07-09T13:14:30","modified_gmt":"2025-07-09T11:14:30","slug":"compresa-de-tela-de-dia","status":"publish","type":"product","link":"https:\/\/dechupet.in\/index.php\/product\/compresa-de-tela-de-dia\/","title":{"rendered":"Compresa de tela de D\u00eda"},"content":{"rendered":"","protected":false},"excerpt":{"rendered":"<p>Compresas de tela de d\u00eda,\u00a0 reutilizables tama\u00f1o 23 x 17 cm.<\/p>\n<p>Est\u00e1 confeccionada con una parte estampada de algod\u00f3n que va en contacto con la braguita. La parte que va en contacto con la piel puede ser de franela de algod\u00f3n o de rizo de bamb\u00fa ( a elegir). Comentanos tu eleccion en la cajita de comentarios al finalizar tu pedido. La parte interna de la compresa tiene una capa de absorci\u00f3n y una capa impermeable, transpirable. Todo ello te aportar\u00e1 total seguridad y tu piel se ver\u00e1 libre de los qu\u00edmicos y pl\u00e1sticos que llevan las compresas desechables.<\/p>\n<p>La duraci\u00f3n de las compresas de tela es de 3 o 4 a\u00f1os con lo que estar\u00e1s contribuyendo a generar menos residuos al planeta.<\/p>\n<p>Plazo de entrega: 1 semana<\/p>\n","protected":false},"featured_media":932,"comment_status":"open","ping_status":"closed","template":"","meta":[],"product_brand":[],"product_cat":[63],"product_tag":[],"class_list":{"0":"post-931","1":"product","2":"type-product","3":"status-publish","4":"has-post-thumbnail","6":"product_cat-productos-reutilizables","8":"first","9":"instock","10":"sale","11":"taxable","12":"shipping-taxable","13":"purchasable","14":"product-type-simple"},"jetpack_sharing_enabled":true,"_links":{"self":[{"href":"https:\/\/dechupet.in\/index.php\/wp-json\/wp\/v2\/product\/931","targetHints":{"allow":["GET"]}}],"collection":[{"href":"https:\/\/dechupet.in\/index.php\/wp-json\/wp\/v2\/product"}],"about":[{"href":"https:\/\/dechupet.in\/index.php\/wp-json\/wp\/v2\/types\/product"}],"replies":[{"embeddable":true,"href":"https:\/\/dechupet.in\/index.php\/wp-json\/wp\/v2\/comments?post=931"}],"wp:featuredmedia":[{"embeddable":true,"href":"https:\/\/dechupet.in\/index.php\/wp-json\/wp\/v2\/media\/932"}],"wp:attachment":[{"href":"https:\/\/dechupet.in\/index.php\/wp-json\/wp\/v2\/media?parent=931"}],"wp:term":[{"taxonomy":"product_brand","embeddable":true,"href":"https:\/\/dechupet.in\/index.php\/wp-json\/wp\/v2\/product_brand?post=931"},{"taxonomy":"product_cat","embeddable":true,"href":"https:\/\/dechupet.in\/index.php\/wp-json\/wp\/v2\/product_cat?post=931"},{"taxonomy":"product_tag","embeddable":true,"href":"https:\/\/dechupet.in\/index.php\/wp-json\/wp\/v2\/product_tag?post=931"}],"curies":[{"name":"wp","href":"https:\/\/api.w.org\/{rel}","templated":true}]}}