{"id":930,"date":"2023-09-22T22:23:21","date_gmt":"2023-09-22T20:23:21","guid":{"rendered":"https:\/\/dechupet.in\/?post_type=product&#038;p=930"},"modified":"2025-07-09T13:15:35","modified_gmt":"2025-07-09T11:15:35","slug":"pack-5-salva-slips-reutilizables-de-tela","status":"publish","type":"product","link":"https:\/\/dechupet.in\/index.php\/product\/pack-5-salva-slips-reutilizables-de-tela\/","title":{"rendered":"Pack 5 salva slips reutilizables de tela"},"content":{"rendered":"","protected":false},"excerpt":{"rendered":"<p>Este pack se compone de 5 salva slips de tela reutilizables tama\u00f1o 18 x 14 cm.<\/p>\n<p>Est\u00e1n confeccionadas con una parte estampada de algod\u00f3n que va en contacto con la braguita. La parte que va en contacto con la piel puede ser de franela de algod\u00f3n o de rizo de bamb\u00fa ( a elegir). Comentanos tu eleccion en la cajita de comentarios al finalizar tu pedido. La parte interna de la compresa tiene una capa de absorci\u00f3n que te aportar\u00e1 total seguridad y tu piel se ver\u00e1 libre de los qu\u00edmicos y pl\u00e1sticos que llevan las compresas desechables. Puede variar alg\u00fan estampado.<\/p>\n<p>La duraci\u00f3n de las compresas y salva slips de tela es de 3 o 4 a\u00f1os con lo que estar\u00e1s contribuyendo a generar menos residuos al planeta.<\/p>\n<p>Plazo de entrega: 1 semana<\/p>\n","protected":false},"featured_media":929,"comment_status":"open","ping_status":"closed","template":"","meta":[],"product_brand":[],"product_cat":[63],"product_tag":[],"class_list":{"0":"post-930","1":"product","2":"type-product","3":"status-publish","4":"has-post-thumbnail","6":"product_cat-productos-reutilizables","8":"first","9":"instock","10":"sale","11":"taxable","12":"shipping-taxable","13":"purchasable","14":"product-type-simple"},"jetpack_sharing_enabled":true,"_links":{"self":[{"href":"https:\/\/dechupet.in\/index.php\/wp-json\/wp\/v2\/product\/930","targetHints":{"allow":["GET"]}}],"collection":[{"href":"https:\/\/dechupet.in\/index.php\/wp-json\/wp\/v2\/product"}],"about":[{"href":"https:\/\/dechupet.in\/index.php\/wp-json\/wp\/v2\/types\/product"}],"replies":[{"embeddable":true,"href":"https:\/\/dechupet.in\/index.php\/wp-json\/wp\/v2\/comments?post=930"}],"wp:featuredmedia":[{"embeddable":true,"href":"https:\/\/dechupet.in\/index.php\/wp-json\/wp\/v2\/media\/929"}],"wp:attachment":[{"href":"https:\/\/dechupet.in\/index.php\/wp-json\/wp\/v2\/media?parent=930"}],"wp:term":[{"taxonomy":"product_brand","embeddable":true,"href":"https:\/\/dechupet.in\/index.php\/wp-json\/wp\/v2\/product_brand?post=930"},{"taxonomy":"product_cat","embeddable":true,"href":"https:\/\/dechupet.in\/index.php\/wp-json\/wp\/v2\/product_cat?post=930"},{"taxonomy":"product_tag","embeddable":true,"href":"https:\/\/dechupet.in\/index.php\/wp-json\/wp\/v2\/product_tag?post=930"}],"curies":[{"name":"wp","href":"https:\/\/api.w.org\/{rel}","templated":true}]}}