{"id":867,"date":"2023-08-12T10:51:46","date_gmt":"2023-08-12T08:51:46","guid":{"rendered":"https:\/\/dechupet.in\/?post_type=product&#038;p=867"},"modified":"2025-07-09T13:20:47","modified_gmt":"2025-07-09T11:20:47","slug":"pack-sensorial-kind","status":"publish","type":"product","link":"https:\/\/dechupet.in\/index.php\/product\/pack-sensorial-kind\/","title":{"rendered":"Pack Sensorial \u00abKind\u00bb"},"content":{"rendered":"","protected":false},"excerpt":{"rendered":"<p><span data-surface-wrapper=\"1\" data-surfaceid=\"\/commerce_manager\">El Pack sensorial \u00abKind\u00bb est\u00e1 pensado para estimular los sentidos del beb\u00e9, ofreciendo una experiencia enriquecedora. Los colores captar\u00e1n su atenci\u00f3n y las texturas fomentar\u00e1n su exploraci\u00f3n t\u00e1ctil. Adem\u00e1s, los suaves sonidos a\u00f1aden un toque auditivo, estimulando su desarrollo sensorial complet<\/span>o.<\/p>\n<p>Bonito e interesante pack para tu beb\u00e9 o para regalar compuesto por sonajero rodari, mordedor conejito, botella sensorial, pelota textura y bolsita para guardar.<\/p>\n<p>&nbsp;<\/p>\n","protected":false},"featured_media":907,"comment_status":"open","ping_status":"closed","template":"","meta":[],"product_brand":[],"product_cat":[65],"product_tag":[],"class_list":{"0":"post-867","1":"product","2":"type-product","3":"status-publish","4":"has-post-thumbnail","6":"product_cat-juguete-sensorial","8":"first","9":"instock","10":"sale","11":"taxable","12":"shipping-taxable","13":"purchasable","14":"product-type-simple"},"jetpack_sharing_enabled":true,"_links":{"self":[{"href":"https:\/\/dechupet.in\/index.php\/wp-json\/wp\/v2\/product\/867","targetHints":{"allow":["GET"]}}],"collection":[{"href":"https:\/\/dechupet.in\/index.php\/wp-json\/wp\/v2\/product"}],"about":[{"href":"https:\/\/dechupet.in\/index.php\/wp-json\/wp\/v2\/types\/product"}],"replies":[{"embeddable":true,"href":"https:\/\/dechupet.in\/index.php\/wp-json\/wp\/v2\/comments?post=867"}],"wp:featuredmedia":[{"embeddable":true,"href":"https:\/\/dechupet.in\/index.php\/wp-json\/wp\/v2\/media\/907"}],"wp:attachment":[{"href":"https:\/\/dechupet.in\/index.php\/wp-json\/wp\/v2\/media?parent=867"}],"wp:term":[{"taxonomy":"product_brand","embeddable":true,"href":"https:\/\/dechupet.in\/index.php\/wp-json\/wp\/v2\/product_brand?post=867"},{"taxonomy":"product_cat","embeddable":true,"href":"https:\/\/dechupet.in\/index.php\/wp-json\/wp\/v2\/product_cat?post=867"},{"taxonomy":"product_tag","embeddable":true,"href":"https:\/\/dechupet.in\/index.php\/wp-json\/wp\/v2\/product_tag?post=867"}],"curies":[{"name":"wp","href":"https:\/\/api.w.org\/{rel}","templated":true}]}}