{"id":850,"date":"2023-08-09T22:13:03","date_gmt":"2023-08-09T20:13:03","guid":{"rendered":"https:\/\/dechupet.in\/?post_type=product&#038;p=850"},"modified":"2024-10-02T22:52:58","modified_gmt":"2024-10-02T20:52:58","slug":"pizarra-enrollable-ositos","status":"publish","type":"product","link":"https:\/\/dechupet.in\/index.php\/product\/pizarra-enrollable-ositos\/","title":{"rendered":"Pizarra Enrollable Ositos"},"content":{"rendered":"<p>&nbsp;<\/p>\n<p>&nbsp;<\/p>\n","protected":false},"excerpt":{"rendered":"<p>La pizarra enrollable Ositos est\u00e1 confeccionada con tejido de algod\u00f3n de estampado de ositos y con tejido de pizarra sobre la cual los peque\u00f1os podr\u00e1n expresar sus dotes art\u00edsticas y pasar un ratito divertido dibujando. Lleva una cajita de tizas de colores y un borrador hecho en tela, que, un poco humedecido con agua borrar\u00e1 facilmente para volver a crear.<\/p>\n<p>Como es enrollable, podr\u00e1 transportarla f\u00e1cilmente a cualquier lugar.<\/p>\n<p>Medidas: 40&#215;30 cm.<\/p>\n<p>Se puede lavar a mano y planchar por la parte estampada.<\/p>\n","protected":false},"featured_media":853,"comment_status":"open","ping_status":"closed","template":"","meta":[],"product_brand":[],"product_cat":[60],"product_tag":[],"class_list":{"0":"post-850","1":"product","2":"type-product","3":"status-publish","4":"has-post-thumbnail","6":"product_cat-pizarra-enrollable-de-tela","8":"first","9":"instock","10":"sale","11":"taxable","12":"shipping-taxable","13":"purchasable","14":"product-type-simple"},"jetpack_sharing_enabled":true,"_links":{"self":[{"href":"https:\/\/dechupet.in\/index.php\/wp-json\/wp\/v2\/product\/850","targetHints":{"allow":["GET"]}}],"collection":[{"href":"https:\/\/dechupet.in\/index.php\/wp-json\/wp\/v2\/product"}],"about":[{"href":"https:\/\/dechupet.in\/index.php\/wp-json\/wp\/v2\/types\/product"}],"replies":[{"embeddable":true,"href":"https:\/\/dechupet.in\/index.php\/wp-json\/wp\/v2\/comments?post=850"}],"wp:featuredmedia":[{"embeddable":true,"href":"https:\/\/dechupet.in\/index.php\/wp-json\/wp\/v2\/media\/853"}],"wp:attachment":[{"href":"https:\/\/dechupet.in\/index.php\/wp-json\/wp\/v2\/media?parent=850"}],"wp:term":[{"taxonomy":"product_brand","embeddable":true,"href":"https:\/\/dechupet.in\/index.php\/wp-json\/wp\/v2\/product_brand?post=850"},{"taxonomy":"product_cat","embeddable":true,"href":"https:\/\/dechupet.in\/index.php\/wp-json\/wp\/v2\/product_cat?post=850"},{"taxonomy":"product_tag","embeddable":true,"href":"https:\/\/dechupet.in\/index.php\/wp-json\/wp\/v2\/product_tag?post=850"}],"curies":[{"name":"wp","href":"https:\/\/api.w.org\/{rel}","templated":true}]}}