{"id":805,"date":"2023-06-27T13:41:41","date_gmt":"2023-06-27T11:41:41","guid":{"rendered":"https:\/\/dechupet.in\/?post_type=product&#038;p=805"},"modified":"2025-05-02T15:46:33","modified_gmt":"2025-05-02T13:46:33","slug":"manta-sensorial-imirt-copia","status":"publish","type":"product","link":"https:\/\/dechupet.in\/index.php\/product\/manta-sensorial-imirt-copia\/","title":{"rendered":"Manta Sensorial \u00abImirt\u00bb (copia)"},"content":{"rendered":"<p>Manta Sensorial \u00abImirt\u00bb<\/p>\n<p>Medidas 75&#215;75 cm<\/p>\n<p>Puede variar alg\u00fan estampado.<\/p>\n<p>Plazo de entrega: 15 dias<\/p>\n","protected":false},"excerpt":{"rendered":"<p>La Alfombra Sensorial o Manta de Juegos \u00abImirt\u00bb mide 75 x 75 cm. Est\u00e1 confeccionada combinando telas estampados infantiles de algod\u00f3n con telas de texturas para la estimulaci\u00f3n del tacto. En ella tu beb\u00e9 encontrar\u00e1 texturas variadas con las que podr\u00e1 experimentar, cintas de colores, cuerda de nudos, aplicaciones en fieltro y sonido sonajero.<\/p>\n<p>Lleva una goata interior de 200 mm. de gramaje que la hace mullidita. La parte posterior es una loneta estampada. Recomendamos poner la alfombra sobre una superficie que la a\u00edsle del suelo para evitar que se ensucie. Se puede lavar a m\u00e1quina sin problema con un programa corto y centrifugado tambi\u00e9n corto. Plancharla siempre por la parte de atr\u00e1s.<\/p>\n<p>La alfombra o manta de juegos ayudar\u00e1 al beb\u00e9 en su desarrollo psicomotor y estimular\u00e1 su curiosidad y sus sentidos.<\/p>\n<p>Plazo de entrega: 15 dias<\/p>\n","protected":false},"featured_media":555,"comment_status":"open","ping_status":"closed","template":"","meta":[],"product_brand":[],"product_cat":[24,25],"product_tag":[],"class_list":{"0":"post-805","1":"product","2":"type-product","3":"status-publish","4":"has-post-thumbnail","6":"product_cat-alfombra-sensorial","7":"product_cat-manta-sensorial","9":"first","10":"instock","11":"sale","12":"taxable","13":"shipping-taxable","14":"purchasable","15":"product-type-simple"},"jetpack_sharing_enabled":true,"_links":{"self":[{"href":"https:\/\/dechupet.in\/index.php\/wp-json\/wp\/v2\/product\/805","targetHints":{"allow":["GET"]}}],"collection":[{"href":"https:\/\/dechupet.in\/index.php\/wp-json\/wp\/v2\/product"}],"about":[{"href":"https:\/\/dechupet.in\/index.php\/wp-json\/wp\/v2\/types\/product"}],"replies":[{"embeddable":true,"href":"https:\/\/dechupet.in\/index.php\/wp-json\/wp\/v2\/comments?post=805"}],"wp:featuredmedia":[{"embeddable":true,"href":"https:\/\/dechupet.in\/index.php\/wp-json\/wp\/v2\/media\/555"}],"wp:attachment":[{"href":"https:\/\/dechupet.in\/index.php\/wp-json\/wp\/v2\/media?parent=805"}],"wp:term":[{"taxonomy":"product_brand","embeddable":true,"href":"https:\/\/dechupet.in\/index.php\/wp-json\/wp\/v2\/product_brand?post=805"},{"taxonomy":"product_cat","embeddable":true,"href":"https:\/\/dechupet.in\/index.php\/wp-json\/wp\/v2\/product_cat?post=805"},{"taxonomy":"product_tag","embeddable":true,"href":"https:\/\/dechupet.in\/index.php\/wp-json\/wp\/v2\/product_tag?post=805"}],"curies":[{"name":"wp","href":"https:\/\/api.w.org\/{rel}","templated":true}]}}