{"id":787,"date":"2023-05-30T20:50:30","date_gmt":"2023-05-30T18:50:30","guid":{"rendered":"https:\/\/dechupet.in\/?post_type=product&#038;p=787"},"modified":"2025-04-06T19:32:44","modified_gmt":"2025-04-06T17:32:44","slug":"manta-sensorial-little","status":"publish","type":"product","link":"https:\/\/dechupet.in\/index.php\/product\/manta-sensorial-little\/","title":{"rendered":"Manta Sensorial \u00abLittle\u00bb"},"content":{"rendered":"<p>Manta Sensorial Little.<\/p>\n<p>Medidas 80 x 80 cm<\/p>\n<p>Desde los primeros meses.<\/p>\n<p>Plazo de entrega 15 dias<\/p>\n","protected":false},"excerpt":{"rendered":"<p>Esta manta de juegos est\u00e1 ideada para ayudar a los peque\u00f1os a desarrollar sus habilidades motoras y sensoriales. Sobre ella podr\u00e1 ejercitar la musculatura de cuello y espalda a la vez que estimular\u00e1 los sentidos con los colores, texturas y formas de la misma. Esta estimulaci\u00f3n es particularmente importante en la primera etapa de los beb\u00e9s para favorecer su desarrollo cognitivo. La alfombra o manta sensorial tambi\u00e9n puede ser utilizada para ense\u00f1ar a los beb\u00e9s nuevos conceptos y habilidades y es una manera ideal para incitar al gateo ya que siempre intentar\u00e1n desplazarse hacia aquella parte de la mante en la que ven algo que les interesa.<\/p>\n<p>La Manta Sensorial \u00abLittle\u00bb mide 70 x 70 cm y est\u00e1 confeccionada con telas de algod\u00f3n sobre las que se han colocado diversos motivos en fieltro. Lleva tambi\u00e9n un mordedor extra\u00edble tejido a ganchillo y bolitas de madera natural.<\/p>\n","protected":false},"featured_media":1042,"comment_status":"open","ping_status":"closed","template":"","meta":[],"product_brand":[],"product_cat":[25],"product_tag":[],"class_list":{"0":"post-787","1":"product","2":"type-product","3":"status-publish","4":"has-post-thumbnail","6":"product_cat-manta-sensorial","8":"first","9":"instock","10":"sale","11":"taxable","12":"shipping-taxable","13":"purchasable","14":"product-type-simple"},"jetpack_sharing_enabled":true,"_links":{"self":[{"href":"https:\/\/dechupet.in\/index.php\/wp-json\/wp\/v2\/product\/787","targetHints":{"allow":["GET"]}}],"collection":[{"href":"https:\/\/dechupet.in\/index.php\/wp-json\/wp\/v2\/product"}],"about":[{"href":"https:\/\/dechupet.in\/index.php\/wp-json\/wp\/v2\/types\/product"}],"replies":[{"embeddable":true,"href":"https:\/\/dechupet.in\/index.php\/wp-json\/wp\/v2\/comments?post=787"}],"wp:featuredmedia":[{"embeddable":true,"href":"https:\/\/dechupet.in\/index.php\/wp-json\/wp\/v2\/media\/1042"}],"wp:attachment":[{"href":"https:\/\/dechupet.in\/index.php\/wp-json\/wp\/v2\/media?parent=787"}],"wp:term":[{"taxonomy":"product_brand","embeddable":true,"href":"https:\/\/dechupet.in\/index.php\/wp-json\/wp\/v2\/product_brand?post=787"},{"taxonomy":"product_cat","embeddable":true,"href":"https:\/\/dechupet.in\/index.php\/wp-json\/wp\/v2\/product_cat?post=787"},{"taxonomy":"product_tag","embeddable":true,"href":"https:\/\/dechupet.in\/index.php\/wp-json\/wp\/v2\/product_tag?post=787"}],"curies":[{"name":"wp","href":"https:\/\/api.w.org\/{rel}","templated":true}]}}