{"id":778,"date":"2023-05-28T21:11:41","date_gmt":"2023-05-28T19:11:41","guid":{"rendered":"https:\/\/dechupet.in\/?post_type=product&#038;p=778"},"modified":"2024-12-02T19:55:23","modified_gmt":"2024-12-02T18:55:23","slug":"cubo-sensorial-texturas","status":"publish","type":"product","link":"https:\/\/dechupet.in\/index.php\/product\/cubo-sensorial-texturas\/","title":{"rendered":"Cubo Sensorial \u00abTexturas\u00bb"},"content":{"rendered":"","protected":false},"excerpt":{"rendered":"<p>En este cubo sensorial, tu beb\u00e9 encontrar\u00e1 texturas, sonido, colores y formas que despertar\u00e1n su curiosidad. Ejercitar\u00e1 el agarre y desarrollar\u00e1 sus sentidos y la motricidad fina. Cada cara del cubo es una experiencia sensorial para los chiquitines de la casa.<\/p>\n<p>Est\u00e1 confeccionado con telas estampadas de algod\u00f3n y aplicaciones en fieltro. En una de sus caras lleva mordedor a crochet extra\u00edble, en otra cara,\u00a0 bolitas de madera natural y en el resto distintas aplicaciones en fieltro. Una de estas aplicaciones est\u00e1 tapada por una pieza crujiente que proporcionar un sonido y textura ideal para el desarrollo sensorial. Tambi\u00e9n tiene sonido sonajero.<\/p>\n<p>Medidas de cada lado 11 x 11 cm.<\/p>\n<p>Plazo de entrega: 1 semana<\/p>\n","protected":false},"featured_media":786,"comment_status":"open","ping_status":"closed","template":"","meta":[],"product_brand":[],"product_cat":[23],"product_tag":[],"class_list":{"0":"post-778","1":"product","2":"type-product","3":"status-publish","4":"has-post-thumbnail","6":"product_cat-cubo-sensorial","8":"first","9":"instock","10":"sale","11":"taxable","12":"shipping-taxable","13":"purchasable","14":"product-type-simple"},"jetpack_sharing_enabled":true,"_links":{"self":[{"href":"https:\/\/dechupet.in\/index.php\/wp-json\/wp\/v2\/product\/778","targetHints":{"allow":["GET"]}}],"collection":[{"href":"https:\/\/dechupet.in\/index.php\/wp-json\/wp\/v2\/product"}],"about":[{"href":"https:\/\/dechupet.in\/index.php\/wp-json\/wp\/v2\/types\/product"}],"replies":[{"embeddable":true,"href":"https:\/\/dechupet.in\/index.php\/wp-json\/wp\/v2\/comments?post=778"}],"wp:featuredmedia":[{"embeddable":true,"href":"https:\/\/dechupet.in\/index.php\/wp-json\/wp\/v2\/media\/786"}],"wp:attachment":[{"href":"https:\/\/dechupet.in\/index.php\/wp-json\/wp\/v2\/media?parent=778"}],"wp:term":[{"taxonomy":"product_brand","embeddable":true,"href":"https:\/\/dechupet.in\/index.php\/wp-json\/wp\/v2\/product_brand?post=778"},{"taxonomy":"product_cat","embeddable":true,"href":"https:\/\/dechupet.in\/index.php\/wp-json\/wp\/v2\/product_cat?post=778"},{"taxonomy":"product_tag","embeddable":true,"href":"https:\/\/dechupet.in\/index.php\/wp-json\/wp\/v2\/product_tag?post=778"}],"curies":[{"name":"wp","href":"https:\/\/api.w.org\/{rel}","templated":true}]}}