{"id":752,"date":"2023-05-01T20:19:46","date_gmt":"2023-05-01T18:19:46","guid":{"rendered":"https:\/\/dechupet.in\/?post_type=product&#038;p=752"},"modified":"2024-12-02T19:56:43","modified_gmt":"2024-12-02T18:56:43","slug":"bolsa-sensorial-texturas","status":"publish","type":"product","link":"https:\/\/dechupet.in\/index.php\/product\/bolsa-sensorial-texturas\/","title":{"rendered":"Juego Sensorial Texturas."},"content":{"rendered":"<p>Juego Sensorial Texturas<\/p>\n","protected":false},"excerpt":{"rendered":"<p>Este juego sensorial est\u00e1 compuesto por 10 cuadrados de diferentes texturas. Cada uno mide 11 x 11 cm. Cada cuadrado tiene una textura diferente y van rellenos de distintos materiales para proporcionar una doble experiencia. Los ni\u00f1os pueden tocar y sentir cada cuadrado para experimentar su textura \u00fanica. Tambi\u00e9n pueden comparar las distintas texturas y encontrar diferencias o similitudes entre ellas.<\/p>\n<p>Adem\u00e1s de ser un juego divertido y sensorial ideal en la etapa preescolar, puede ser muy beneficioso para ni\u00f1os con autismo porque les ayudar\u00e1 a desarrollar sus habilidades sociales y cognitivas.<\/p>\n<p>Aprender\u00e1n nuevas palabras y conceptos a trav\u00e9s de la descripci\u00f3n de las texturas.<\/p>\n<p>Se divertir\u00e1n mientras aprenden.<\/p>\n<p>Contenido del juego:<\/p>\n<p>Bolsa de almacenaje de 29 x 26 cm.<\/p>\n<p>1 Cuadrado de forro polar rojo con piedrecitas dentro.<\/p>\n<p>1 Cuadrado espejo.<\/p>\n<p>1 Cuadrado minkiee con goata y cascabel en su interior.<\/p>\n<p>1 Cuadrado wafel con bolitas de fieltro de lana cosidas en uno de sus lados.<\/p>\n<p>1 Cuadrado con pelitos gruesos color amarillo verdoso.<\/p>\n<p>1 Cuadrado color verde impermeable son semillas en su interior.<\/p>\n<p>1 Cuadrado borreguito con goata en su interior.<\/p>\n<p>1 Cuadrado con botones que pueden verse a trav\u00e9s del plastico.<\/p>\n<p>1 Cuadrado amarillo con cintas de colores y goata en su interior.<\/p>\n<p>1 Cuadrado rosa mullidito con goata en su interior.<\/p>\n<p>&nbsp;<\/p>\n","protected":false},"featured_media":895,"comment_status":"open","ping_status":"closed","template":"","meta":[],"product_brand":[],"product_cat":[44,36,41],"product_tag":[],"class_list":{"0":"post-752","1":"product","2":"type-product","3":"status-publish","4":"has-post-thumbnail","6":"product_cat-juego-preescolar","7":"product_cat-pack-sensorial","8":"product_cat-texturas","10":"first","11":"instock","12":"sale","13":"taxable","14":"shipping-taxable","15":"purchasable","16":"product-type-simple"},"jetpack_sharing_enabled":true,"_links":{"self":[{"href":"https:\/\/dechupet.in\/index.php\/wp-json\/wp\/v2\/product\/752","targetHints":{"allow":["GET"]}}],"collection":[{"href":"https:\/\/dechupet.in\/index.php\/wp-json\/wp\/v2\/product"}],"about":[{"href":"https:\/\/dechupet.in\/index.php\/wp-json\/wp\/v2\/types\/product"}],"replies":[{"embeddable":true,"href":"https:\/\/dechupet.in\/index.php\/wp-json\/wp\/v2\/comments?post=752"}],"wp:featuredmedia":[{"embeddable":true,"href":"https:\/\/dechupet.in\/index.php\/wp-json\/wp\/v2\/media\/895"}],"wp:attachment":[{"href":"https:\/\/dechupet.in\/index.php\/wp-json\/wp\/v2\/media?parent=752"}],"wp:term":[{"taxonomy":"product_brand","embeddable":true,"href":"https:\/\/dechupet.in\/index.php\/wp-json\/wp\/v2\/product_brand?post=752"},{"taxonomy":"product_cat","embeddable":true,"href":"https:\/\/dechupet.in\/index.php\/wp-json\/wp\/v2\/product_cat?post=752"},{"taxonomy":"product_tag","embeddable":true,"href":"https:\/\/dechupet.in\/index.php\/wp-json\/wp\/v2\/product_tag?post=752"}],"curies":[{"name":"wp","href":"https:\/\/api.w.org\/{rel}","templated":true}]}}