{"id":643,"date":"2023-03-13T22:45:21","date_gmt":"2023-03-13T21:45:21","guid":{"rendered":"https:\/\/dechupet.in\/?post_type=product&#038;p=643"},"modified":"2024-10-02T23:08:56","modified_gmt":"2024-10-02T21:08:56","slug":"cubo-sensorial-solete","status":"publish","type":"product","link":"https:\/\/dechupet.in\/index.php\/product\/cubo-sensorial-solete\/","title":{"rendered":"Cubo Sensorial \u00abSolete\u00bb"},"content":{"rendered":"<p>Cubo Sensorial \u00abSolete\u00bb<\/p>\n","protected":false},"excerpt":{"rendered":"<p>Los cubos sensoriales est\u00e1n pensados para estimular los sentidos de los beb\u00e9s y fomentar su desarrollo cognitivo y sensorial.<\/p>\n<p>El cubo \u00abSolete\u00bb est\u00e1 dise\u00f1ado para que tu peque pueda explorar y observar los distintos colores, formas y texturas. Ejercitar\u00e1 el agarre con sus manos y su atenci\u00f3n ir\u00e1 de una cara a otra del cubo, que tambien lleva sonido interior de sonajero.<\/p>\n<p>Adem\u00e1s de mordedor extra\u00edble, incorpora una anilla para colgarlo del cochecito, cuna o parque.<\/p>\n<p>Se puede lavar a mano o a m\u00e1quina-<\/p>\n","protected":false},"featured_media":677,"comment_status":"open","ping_status":"closed","template":"","meta":[],"product_brand":[],"product_cat":[23],"product_tag":[],"class_list":{"0":"post-643","1":"product","2":"type-product","3":"status-publish","4":"has-post-thumbnail","6":"product_cat-cubo-sensorial","8":"first","9":"instock","10":"sale","11":"taxable","12":"shipping-taxable","13":"purchasable","14":"product-type-simple"},"jetpack_sharing_enabled":true,"_links":{"self":[{"href":"https:\/\/dechupet.in\/index.php\/wp-json\/wp\/v2\/product\/643","targetHints":{"allow":["GET"]}}],"collection":[{"href":"https:\/\/dechupet.in\/index.php\/wp-json\/wp\/v2\/product"}],"about":[{"href":"https:\/\/dechupet.in\/index.php\/wp-json\/wp\/v2\/types\/product"}],"replies":[{"embeddable":true,"href":"https:\/\/dechupet.in\/index.php\/wp-json\/wp\/v2\/comments?post=643"}],"wp:featuredmedia":[{"embeddable":true,"href":"https:\/\/dechupet.in\/index.php\/wp-json\/wp\/v2\/media\/677"}],"wp:attachment":[{"href":"https:\/\/dechupet.in\/index.php\/wp-json\/wp\/v2\/media?parent=643"}],"wp:term":[{"taxonomy":"product_brand","embeddable":true,"href":"https:\/\/dechupet.in\/index.php\/wp-json\/wp\/v2\/product_brand?post=643"},{"taxonomy":"product_cat","embeddable":true,"href":"https:\/\/dechupet.in\/index.php\/wp-json\/wp\/v2\/product_cat?post=643"},{"taxonomy":"product_tag","embeddable":true,"href":"https:\/\/dechupet.in\/index.php\/wp-json\/wp\/v2\/product_tag?post=643"}],"curies":[{"name":"wp","href":"https:\/\/api.w.org\/{rel}","templated":true}]}}