{"id":633,"date":"2023-03-13T02:08:24","date_gmt":"2023-03-13T01:08:24","guid":{"rendered":"https:\/\/dechupet.in\/?post_type=product&#038;p=633"},"modified":"2024-10-02T23:10:58","modified_gmt":"2024-10-02T21:10:58","slug":"cubo-sensorial","status":"publish","type":"product","link":"https:\/\/dechupet.in\/index.php\/product\/cubo-sensorial\/","title":{"rendered":"Cubo Sensorial \u00abNube\u00bb"},"content":{"rendered":"<p>Cubo Sensorial \u00abNube\u00bb<\/p>\n","protected":false},"excerpt":{"rendered":"<p>Los cubos sensoriales son una excelente manera de estimular el desarrollo de los beb\u00e9s durante sus primeros meses de vida. Nuestro cubo sensorial \u00abNube\u00bb est\u00e1 dise\u00f1ado espec\u00edficamente para fomentar la exploraci\u00f3n, el aprendizaje y la curiosidad en los peque\u00f1os. Est\u00e1 confeccionado con telas 100% algod\u00f3n, aplicaciones en fieltro y abalorios de madera natural de haya. Lleva sonido sonajero en su interior y un mordedror a crochet que es extra\u00edble.<\/p>\n","protected":false},"featured_media":670,"comment_status":"open","ping_status":"closed","template":"","meta":[],"product_brand":[],"product_cat":[23],"product_tag":[],"class_list":{"0":"post-633","1":"product","2":"type-product","3":"status-publish","4":"has-post-thumbnail","6":"product_cat-cubo-sensorial","8":"first","9":"instock","10":"sale","11":"taxable","12":"shipping-taxable","13":"purchasable","14":"product-type-simple"},"jetpack_sharing_enabled":true,"_links":{"self":[{"href":"https:\/\/dechupet.in\/index.php\/wp-json\/wp\/v2\/product\/633","targetHints":{"allow":["GET"]}}],"collection":[{"href":"https:\/\/dechupet.in\/index.php\/wp-json\/wp\/v2\/product"}],"about":[{"href":"https:\/\/dechupet.in\/index.php\/wp-json\/wp\/v2\/types\/product"}],"replies":[{"embeddable":true,"href":"https:\/\/dechupet.in\/index.php\/wp-json\/wp\/v2\/comments?post=633"}],"wp:featuredmedia":[{"embeddable":true,"href":"https:\/\/dechupet.in\/index.php\/wp-json\/wp\/v2\/media\/670"}],"wp:attachment":[{"href":"https:\/\/dechupet.in\/index.php\/wp-json\/wp\/v2\/media?parent=633"}],"wp:term":[{"taxonomy":"product_brand","embeddable":true,"href":"https:\/\/dechupet.in\/index.php\/wp-json\/wp\/v2\/product_brand?post=633"},{"taxonomy":"product_cat","embeddable":true,"href":"https:\/\/dechupet.in\/index.php\/wp-json\/wp\/v2\/product_cat?post=633"},{"taxonomy":"product_tag","embeddable":true,"href":"https:\/\/dechupet.in\/index.php\/wp-json\/wp\/v2\/product_tag?post=633"}],"curies":[{"name":"wp","href":"https:\/\/api.w.org\/{rel}","templated":true}]}}