{"id":626,"date":"2023-02-23T10:31:21","date_gmt":"2023-02-23T09:31:21","guid":{"rendered":"https:\/\/dechupet.in\/?post_type=product&#038;p=626"},"modified":"2024-10-11T13:05:44","modified_gmt":"2024-10-11T11:05:44","slug":"casita-de-munecas-mini","status":"publish","type":"product","link":"https:\/\/dechupet.in\/index.php\/product\/casita-de-munecas-mini\/","title":{"rendered":"Casita de Mu\u00f1ecas Mini"},"content":{"rendered":"<p>Casita de Mu\u00f1ecas Mini<\/p>\n","protected":false},"excerpt":{"rendered":"<p>La Casita de Mu\u00f1ecas Mini est\u00e1 pensada para que tanto ni\u00f1os como ni\u00f1as ejerciten el juego libre y simb\u00f3lico. La casita les ayuda a crear un escenario basado en sus experiencias cotidianas y a plasmar en el juego sus vivencias. Les ayuda igualmente a afianzar h\u00e1bitos y a desarrollar la psicomotricidad fina.<\/p>\n<p>Est\u00e1 confeccionada con telas de algod\u00f3n y fieltro. El tama\u00f1o de cada hoja es de 24 x 24 cm. y es f\u00e1cil de llevar a cualquier parte con sus asitas.<\/p>\n<p>Aconsejable a partir de 3 a\u00f1os.<\/p>\n","protected":false},"featured_media":722,"comment_status":"open","ping_status":"closed","template":"","meta":[],"product_brand":[],"product_cat":[32,49],"product_tag":[],"class_list":{"0":"post-626","1":"product","2":"type-product","3":"status-publish","4":"has-post-thumbnail","6":"product_cat-casita-de-munecas","7":"product_cat-libro-sensorial","9":"first","10":"instock","11":"sale","12":"taxable","13":"shipping-taxable","14":"purchasable","15":"product-type-simple"},"jetpack_sharing_enabled":true,"_links":{"self":[{"href":"https:\/\/dechupet.in\/index.php\/wp-json\/wp\/v2\/product\/626","targetHints":{"allow":["GET"]}}],"collection":[{"href":"https:\/\/dechupet.in\/index.php\/wp-json\/wp\/v2\/product"}],"about":[{"href":"https:\/\/dechupet.in\/index.php\/wp-json\/wp\/v2\/types\/product"}],"replies":[{"embeddable":true,"href":"https:\/\/dechupet.in\/index.php\/wp-json\/wp\/v2\/comments?post=626"}],"wp:featuredmedia":[{"embeddable":true,"href":"https:\/\/dechupet.in\/index.php\/wp-json\/wp\/v2\/media\/722"}],"wp:attachment":[{"href":"https:\/\/dechupet.in\/index.php\/wp-json\/wp\/v2\/media?parent=626"}],"wp:term":[{"taxonomy":"product_brand","embeddable":true,"href":"https:\/\/dechupet.in\/index.php\/wp-json\/wp\/v2\/product_brand?post=626"},{"taxonomy":"product_cat","embeddable":true,"href":"https:\/\/dechupet.in\/index.php\/wp-json\/wp\/v2\/product_cat?post=626"},{"taxonomy":"product_tag","embeddable":true,"href":"https:\/\/dechupet.in\/index.php\/wp-json\/wp\/v2\/product_tag?post=626"}],"curies":[{"name":"wp","href":"https:\/\/api.w.org\/{rel}","templated":true}]}}