{"id":614,"date":"2023-02-19T12:49:08","date_gmt":"2023-02-19T11:49:08","guid":{"rendered":"https:\/\/dechupet.in\/?post_type=product&#038;p=614"},"modified":"2024-12-02T20:17:38","modified_gmt":"2024-12-02T19:17:38","slug":"minimundo-magico","status":"publish","type":"product","link":"https:\/\/dechupet.in\/index.php\/product\/minimundo-magico\/","title":{"rendered":"Minimundo \u00abM\u00e1gico\u00bb"},"content":{"rendered":"<p>Minimundo \u00abM\u00e1gico\u00bb<\/p>\n","protected":false},"excerpt":{"rendered":"<p>El minimundo \u00abM\u00e1gico\u00bb de inspiraci\u00f3n Waldorf est\u00e1 pensado para que los ni\u00f1os y ni\u00f1as creen un escenario libre, producto de su imaginaci\u00f3n. A partir del tronco que incorpora, l@s peques pueden a\u00f1adir sus animalitos, mu\u00f1ecos, etc. y dar forma a contextos que tienen en su mente.<\/p>\n<p>Est\u00e1 totalmente confeccionado a mano con felpa de lana y viscosa.<\/p>\n<p>Puede enrollarse para llevarlo a cualquier parte. En el coche, de viaje en un avi\u00f3n, barco, etc.<\/p>\n<p>Para su lavado, pasar un pa\u00f1o h\u00famedo. No lavar en lavadora.<\/p>\n<p>Plazo d entrega: 10 dias.<\/p>\n","protected":false},"featured_media":690,"comment_status":"open","ping_status":"closed","template":"","meta":[],"product_brand":[],"product_cat":[35,29],"product_tag":[],"class_list":{"0":"post-614","1":"product","2":"type-product","3":"status-publish","4":"has-post-thumbnail","6":"product_cat-inspiracion-waldorf","7":"product_cat-minimundo","9":"first","10":"instock","11":"sale","12":"taxable","13":"shipping-taxable","14":"purchasable","15":"product-type-simple"},"jetpack_sharing_enabled":true,"_links":{"self":[{"href":"https:\/\/dechupet.in\/index.php\/wp-json\/wp\/v2\/product\/614","targetHints":{"allow":["GET"]}}],"collection":[{"href":"https:\/\/dechupet.in\/index.php\/wp-json\/wp\/v2\/product"}],"about":[{"href":"https:\/\/dechupet.in\/index.php\/wp-json\/wp\/v2\/types\/product"}],"replies":[{"embeddable":true,"href":"https:\/\/dechupet.in\/index.php\/wp-json\/wp\/v2\/comments?post=614"}],"wp:featuredmedia":[{"embeddable":true,"href":"https:\/\/dechupet.in\/index.php\/wp-json\/wp\/v2\/media\/690"}],"wp:attachment":[{"href":"https:\/\/dechupet.in\/index.php\/wp-json\/wp\/v2\/media?parent=614"}],"wp:term":[{"taxonomy":"product_brand","embeddable":true,"href":"https:\/\/dechupet.in\/index.php\/wp-json\/wp\/v2\/product_brand?post=614"},{"taxonomy":"product_cat","embeddable":true,"href":"https:\/\/dechupet.in\/index.php\/wp-json\/wp\/v2\/product_cat?post=614"},{"taxonomy":"product_tag","embeddable":true,"href":"https:\/\/dechupet.in\/index.php\/wp-json\/wp\/v2\/product_tag?post=614"}],"curies":[{"name":"wp","href":"https:\/\/api.w.org\/{rel}","templated":true}]}}