{"id":581,"date":"2023-02-16T21:44:36","date_gmt":"2023-02-16T20:44:36","guid":{"rendered":"https:\/\/dechupet.in\/?post_type=product&#038;p=581"},"modified":"2024-12-02T20:19:49","modified_gmt":"2024-12-02T19:19:49","slug":"minimundo-bosque-encantado","status":"publish","type":"product","link":"https:\/\/dechupet.in\/index.php\/product\/minimundo-bosque-encantado\/","title":{"rendered":"Minimundo \u00abBosque Encantado\u00bb"},"content":{"rendered":"<p>Minimundo \u00abBosque Encantado\u00bb<\/p>\n","protected":false},"excerpt":{"rendered":"<p>Este minimundo de inspiraci\u00f3n Waldorf es una manta de juego pensada para ni\u00f1os y ni\u00f1as a partir de 3 a\u00f1os. Los minimundos se enfocan en la recreaci\u00f3n de un juego simb\u00f3lico y libre para que l@s peques hagan crecer su imaginac\u00f3n. Con los minimundos se formar\u00e1n un escenario libre y a su gusto utilizando las piezas que encontrar\u00e1n junto con la manta y las que ellos quieran incorporar de entre sus juguetes. La tem\u00e1tica de este minimundo se centra en el bosque.<\/p>\n<p>La manta mide 50&#215;50 cm. y est\u00e1 confeccionada con felpa mezcla de lana y viscosa. La manta incorpora elementos tales como mu\u00f1eco Waldorf, dos animalitos del bosque, 2 cortes de madera, casita desmontable de felpa, dos arboles, dos troncos de felpa y hoguera.<\/p>\n<p>Est\u00e1 totalmente confeccionada a mano.<\/p>\n<p>No recomendable para menores de 3 a\u00f1os puesto que tiene piezas peque\u00f1as.<\/p>\n<p>No lavar en lavadora. Utilizar para su lavado un pa\u00f1o h\u00famedo.<\/p>\n<p>Plazo de entrega: 10 dias<\/p>\n","protected":false},"featured_media":589,"comment_status":"open","ping_status":"closed","template":"","meta":[],"product_brand":[],"product_cat":[35,29],"product_tag":[],"class_list":{"0":"post-581","1":"product","2":"type-product","3":"status-publish","4":"has-post-thumbnail","6":"product_cat-inspiracion-waldorf","7":"product_cat-minimundo","9":"first","10":"instock","11":"sale","12":"taxable","13":"shipping-taxable","14":"purchasable","15":"product-type-simple"},"jetpack_sharing_enabled":true,"_links":{"self":[{"href":"https:\/\/dechupet.in\/index.php\/wp-json\/wp\/v2\/product\/581","targetHints":{"allow":["GET"]}}],"collection":[{"href":"https:\/\/dechupet.in\/index.php\/wp-json\/wp\/v2\/product"}],"about":[{"href":"https:\/\/dechupet.in\/index.php\/wp-json\/wp\/v2\/types\/product"}],"replies":[{"embeddable":true,"href":"https:\/\/dechupet.in\/index.php\/wp-json\/wp\/v2\/comments?post=581"}],"wp:featuredmedia":[{"embeddable":true,"href":"https:\/\/dechupet.in\/index.php\/wp-json\/wp\/v2\/media\/589"}],"wp:attachment":[{"href":"https:\/\/dechupet.in\/index.php\/wp-json\/wp\/v2\/media?parent=581"}],"wp:term":[{"taxonomy":"product_brand","embeddable":true,"href":"https:\/\/dechupet.in\/index.php\/wp-json\/wp\/v2\/product_brand?post=581"},{"taxonomy":"product_cat","embeddable":true,"href":"https:\/\/dechupet.in\/index.php\/wp-json\/wp\/v2\/product_cat?post=581"},{"taxonomy":"product_tag","embeddable":true,"href":"https:\/\/dechupet.in\/index.php\/wp-json\/wp\/v2\/product_tag?post=581"}],"curies":[{"name":"wp","href":"https:\/\/api.w.org\/{rel}","templated":true}]}}