{"id":560,"date":"2023-02-11T23:10:26","date_gmt":"2023-02-11T22:10:26","guid":{"rendered":"https:\/\/dechupet.in\/?post_type=product&#038;p=560"},"modified":"2025-07-09T13:25:46","modified_gmt":"2025-07-09T11:25:46","slug":"panel-sensorial-texturas","status":"publish","type":"product","link":"https:\/\/dechupet.in\/index.php\/product\/panel-sensorial-texturas\/","title":{"rendered":"Manta Sensorial \u00abTexturas\u00bb"},"content":{"rendered":"<p>Manta Sensorial \u00abTexturas\u00bb<\/p>\n","protected":false},"excerpt":{"rendered":"<p>La manta Sensorial \u00abTexturas\u00bb es ideal para trabajar distintas texturas. Entre los tejidos utilizados en su confecci\u00f3n, tu peque encontrar\u00e1 telas estampadas divertidas y tambi\u00e9n telas con un peque\u00f1o relieve que le estimular\u00e1n el sentido del tacto. Tambi\u00e9n hay escondido un sonido sonajero que llamar\u00e1 su atenci\u00f3n y una pesta\u00f1as crujientes. Distintos animalitos hacen que este panel sea genial para ense\u00f1arle a l@s peque\u00f1os el mundo que les rodea. Bolitas de colores, banderines, mordedor con cintas y anillas de colores hacen de este panel una pieza interesante para descubrir sensaciones. Desde los primeros meses en adelante.<\/p>\n<p>Medidas: 60&#215;80 cm<\/p>\n<p>Plazo de entrega: 15 dias<\/p>\n","protected":false},"featured_media":561,"comment_status":"open","ping_status":"closed","template":"","meta":[],"product_brand":[],"product_cat":[25],"product_tag":[],"class_list":{"0":"post-560","1":"product","2":"type-product","3":"status-publish","4":"has-post-thumbnail","6":"product_cat-manta-sensorial","8":"first","9":"instock","10":"sale","11":"taxable","12":"shipping-taxable","13":"purchasable","14":"product-type-simple"},"jetpack_sharing_enabled":true,"_links":{"self":[{"href":"https:\/\/dechupet.in\/index.php\/wp-json\/wp\/v2\/product\/560","targetHints":{"allow":["GET"]}}],"collection":[{"href":"https:\/\/dechupet.in\/index.php\/wp-json\/wp\/v2\/product"}],"about":[{"href":"https:\/\/dechupet.in\/index.php\/wp-json\/wp\/v2\/types\/product"}],"replies":[{"embeddable":true,"href":"https:\/\/dechupet.in\/index.php\/wp-json\/wp\/v2\/comments?post=560"}],"wp:featuredmedia":[{"embeddable":true,"href":"https:\/\/dechupet.in\/index.php\/wp-json\/wp\/v2\/media\/561"}],"wp:attachment":[{"href":"https:\/\/dechupet.in\/index.php\/wp-json\/wp\/v2\/media?parent=560"}],"wp:term":[{"taxonomy":"product_brand","embeddable":true,"href":"https:\/\/dechupet.in\/index.php\/wp-json\/wp\/v2\/product_brand?post=560"},{"taxonomy":"product_cat","embeddable":true,"href":"https:\/\/dechupet.in\/index.php\/wp-json\/wp\/v2\/product_cat?post=560"},{"taxonomy":"product_tag","embeddable":true,"href":"https:\/\/dechupet.in\/index.php\/wp-json\/wp\/v2\/product_tag?post=560"}],"curies":[{"name":"wp","href":"https:\/\/api.w.org\/{rel}","templated":true}]}}