{"id":508,"date":"2023-01-09T21:30:17","date_gmt":"2023-01-09T20:30:17","guid":{"rendered":"https:\/\/dechupet.in\/?post_type=product&#038;p=508"},"modified":"2024-10-02T23:15:54","modified_gmt":"2024-10-02T21:15:54","slug":"cubo-sensorial-koala","status":"publish","type":"product","link":"https:\/\/dechupet.in\/index.php\/product\/cubo-sensorial-koala\/","title":{"rendered":"Cubo Sensorial \u00abKoala\u00bb"},"content":{"rendered":"<p>Cubo Sensorial \u00abKoala\u00bb<\/p>\n","protected":false},"excerpt":{"rendered":"<p>El cubo sensorial \u00abKoala\u00bb est\u00e1 confeccionado con diferentes estampados y texturas. Sus lados miden 13 x 13 cm. y cada uno de ellos tiene un est\u00edmulo distinto para que l@s peques puedan observar y que les ayudar\u00e1 en su desarrollo sensorial. Lleva adem\u00e1s sonido sonajero.<\/p>\n<p>Plazo de entrega: 7 dias<\/p>\n","protected":false},"featured_media":675,"comment_status":"open","ping_status":"closed","template":"","meta":[],"product_brand":[],"product_cat":[23],"product_tag":[],"class_list":{"0":"post-508","1":"product","2":"type-product","3":"status-publish","4":"has-post-thumbnail","6":"product_cat-cubo-sensorial","8":"first","9":"instock","10":"sale","11":"taxable","12":"shipping-taxable","13":"purchasable","14":"product-type-simple"},"jetpack_sharing_enabled":true,"_links":{"self":[{"href":"https:\/\/dechupet.in\/index.php\/wp-json\/wp\/v2\/product\/508","targetHints":{"allow":["GET"]}}],"collection":[{"href":"https:\/\/dechupet.in\/index.php\/wp-json\/wp\/v2\/product"}],"about":[{"href":"https:\/\/dechupet.in\/index.php\/wp-json\/wp\/v2\/types\/product"}],"replies":[{"embeddable":true,"href":"https:\/\/dechupet.in\/index.php\/wp-json\/wp\/v2\/comments?post=508"}],"wp:featuredmedia":[{"embeddable":true,"href":"https:\/\/dechupet.in\/index.php\/wp-json\/wp\/v2\/media\/675"}],"wp:attachment":[{"href":"https:\/\/dechupet.in\/index.php\/wp-json\/wp\/v2\/media?parent=508"}],"wp:term":[{"taxonomy":"product_brand","embeddable":true,"href":"https:\/\/dechupet.in\/index.php\/wp-json\/wp\/v2\/product_brand?post=508"},{"taxonomy":"product_cat","embeddable":true,"href":"https:\/\/dechupet.in\/index.php\/wp-json\/wp\/v2\/product_cat?post=508"},{"taxonomy":"product_tag","embeddable":true,"href":"https:\/\/dechupet.in\/index.php\/wp-json\/wp\/v2\/product_tag?post=508"}],"curies":[{"name":"wp","href":"https:\/\/api.w.org\/{rel}","templated":true}]}}