{"id":487,"date":"2023-01-03T14:28:23","date_gmt":"2023-01-03T13:28:23","guid":{"rendered":"https:\/\/dechupet.in\/?post_type=product&#038;p=487"},"modified":"2025-09-01T04:13:25","modified_gmt":"2025-09-01T02:13:25","slug":"alfombra-sensorial-2","status":"publish","type":"product","link":"https:\/\/dechupet.in\/index.php\/product\/alfombra-sensorial-2\/","title":{"rendered":"Manta Sensorial \u00abEmociones\u00bb"},"content":{"rendered":"<p>Manta Sensorial \u00abEmociones\u00bb<\/p>\n","protected":false},"excerpt":{"rendered":"<p>Si buscas juguetes sensoriales para tu beb\u00e9, no puedes perderte las mantas o alfombras sensoriales.<\/p>\n<p>Esta se llama \u00abEmociones\u00bb y mide 100 x 100 cm. Est\u00e1 confeccionada con tejidos estampados 100% de algod\u00f3n entre los que se encuentran tejidos de texturas para la estimulaci\u00f3n del tacto. El interior est\u00e1 provisto de una goata de 200 mm. de gramaje que la hace mullidita. Se compone de 5 cuadrados por fila y columna de 20&#215;20 cm. En esta medida ponemos mordedor extra\u00edble de madera natural, bolitas de madera natural, cintas de colores, cord\u00f3n de nudos de trapillo y 10 aplicaciones variadas de fieltro. Recomendamos colocarla sobre una superficie que la a\u00edsle del suelo para evitar que se ensucie. Puede lavarse a m\u00e1quina sin problema con un programa y centrifugado cortos. Plancharla siempre por la parte de atr\u00e1s.<\/p>\n<p>La alfombra o manta de juegos ayudar\u00e1 al beb\u00e9 en su desarrollo psicomotor estimulando su curiosidad y sus sentidos. Sobre ella ejercitar\u00e1 su musculatura y entrenar\u00e1 sus funciones cognitivas.<\/p>\n<p>Si te gusta, la hacemos igual para tu peque\u00f1in\/a.<\/p>\n<p>Tardamos unos 15 dias<\/p>\n<p>Puede variar alg\u00fan estampado aunque siempre se mantendr\u00e1n las mismas tonalidades.<\/p>\n","protected":false},"featured_media":488,"comment_status":"open","ping_status":"closed","template":"","meta":[],"product_brand":[],"product_cat":[24],"product_tag":[],"class_list":{"0":"post-487","1":"product","2":"type-product","3":"status-publish","4":"has-post-thumbnail","6":"product_cat-alfombra-sensorial","8":"first","9":"instock","10":"sale","11":"taxable","12":"shipping-taxable","13":"purchasable","14":"product-type-simple"},"jetpack_sharing_enabled":true,"_links":{"self":[{"href":"https:\/\/dechupet.in\/index.php\/wp-json\/wp\/v2\/product\/487","targetHints":{"allow":["GET"]}}],"collection":[{"href":"https:\/\/dechupet.in\/index.php\/wp-json\/wp\/v2\/product"}],"about":[{"href":"https:\/\/dechupet.in\/index.php\/wp-json\/wp\/v2\/types\/product"}],"replies":[{"embeddable":true,"href":"https:\/\/dechupet.in\/index.php\/wp-json\/wp\/v2\/comments?post=487"}],"wp:featuredmedia":[{"embeddable":true,"href":"https:\/\/dechupet.in\/index.php\/wp-json\/wp\/v2\/media\/488"}],"wp:attachment":[{"href":"https:\/\/dechupet.in\/index.php\/wp-json\/wp\/v2\/media?parent=487"}],"wp:term":[{"taxonomy":"product_brand","embeddable":true,"href":"https:\/\/dechupet.in\/index.php\/wp-json\/wp\/v2\/product_brand?post=487"},{"taxonomy":"product_cat","embeddable":true,"href":"https:\/\/dechupet.in\/index.php\/wp-json\/wp\/v2\/product_cat?post=487"},{"taxonomy":"product_tag","embeddable":true,"href":"https:\/\/dechupet.in\/index.php\/wp-json\/wp\/v2\/product_tag?post=487"}],"curies":[{"name":"wp","href":"https:\/\/api.w.org\/{rel}","templated":true}]}}