{"id":436,"date":"2022-12-28T11:16:28","date_gmt":"2022-12-28T10:16:28","guid":{"rendered":"https:\/\/dechupet.in\/?post_type=product&#038;p=436"},"modified":"2024-10-02T23:21:33","modified_gmt":"2024-10-02T21:21:33","slug":"cubo-sensorial-enero","status":"publish","type":"product","link":"https:\/\/dechupet.in\/index.php\/product\/cubo-sensorial-enero\/","title":{"rendered":"Cubo Sensorial Dog"},"content":{"rendered":"<p>Cubo Sensorial Dog.<\/p>\n","protected":false},"excerpt":{"rendered":"<p>El cubo sensorial \u00abDog\u00bb est\u00e1 confeccionado con telas de algod\u00f3n de diferentes estampados y texturas. Cada lado mide 13 x 13 cm. En cada uno de ellos,\u00a0 l@s peques encontrar\u00e1n un est\u00edmulo diferente que le ayudar\u00e1 en su desarrollo sensorial. Tambi\u00e9n lleva sonido sonajero.<\/p>\n<p>Plazo de entrega. 7 dias<\/p>\n","protected":false},"featured_media":673,"comment_status":"open","ping_status":"closed","template":"","meta":[],"product_brand":[],"product_cat":[23],"product_tag":[],"class_list":{"0":"post-436","1":"product","2":"type-product","3":"status-publish","4":"has-post-thumbnail","6":"product_cat-cubo-sensorial","8":"first","9":"instock","10":"sale","11":"taxable","12":"shipping-taxable","13":"purchasable","14":"product-type-simple"},"jetpack_sharing_enabled":true,"_links":{"self":[{"href":"https:\/\/dechupet.in\/index.php\/wp-json\/wp\/v2\/product\/436","targetHints":{"allow":["GET"]}}],"collection":[{"href":"https:\/\/dechupet.in\/index.php\/wp-json\/wp\/v2\/product"}],"about":[{"href":"https:\/\/dechupet.in\/index.php\/wp-json\/wp\/v2\/types\/product"}],"replies":[{"embeddable":true,"href":"https:\/\/dechupet.in\/index.php\/wp-json\/wp\/v2\/comments?post=436"}],"wp:featuredmedia":[{"embeddable":true,"href":"https:\/\/dechupet.in\/index.php\/wp-json\/wp\/v2\/media\/673"}],"wp:attachment":[{"href":"https:\/\/dechupet.in\/index.php\/wp-json\/wp\/v2\/media?parent=436"}],"wp:term":[{"taxonomy":"product_brand","embeddable":true,"href":"https:\/\/dechupet.in\/index.php\/wp-json\/wp\/v2\/product_brand?post=436"},{"taxonomy":"product_cat","embeddable":true,"href":"https:\/\/dechupet.in\/index.php\/wp-json\/wp\/v2\/product_cat?post=436"},{"taxonomy":"product_tag","embeddable":true,"href":"https:\/\/dechupet.in\/index.php\/wp-json\/wp\/v2\/product_tag?post=436"}],"curies":[{"name":"wp","href":"https:\/\/api.w.org\/{rel}","templated":true}]}}