{"id":1355,"date":"2025-11-04T14:13:44","date_gmt":"2025-11-04T13:13:44","guid":{"rendered":"https:\/\/dechupet.in\/?post_type=product&#038;p=1355"},"modified":"2025-11-04T14:13:44","modified_gmt":"2025-11-04T13:13:44","slug":"manta-sensorial-kiara","status":"publish","type":"product","link":"https:\/\/dechupet.in\/index.php\/product\/manta-sensorial-kiara\/","title":{"rendered":"Manta Sensorial \u00abKiara\u00bb"},"content":{"rendered":"<article class=\"text-token-text-primary w-full focus:outline-none [--shadow-height:45px] has-data-writing-block:pointer-events-none has-data-writing-block:-mt-(--shadow-height) has-data-writing-block:pt-(--shadow-height) [&amp;:has([data-writing-block])&gt;*]:pointer-events-auto [content-visibility:auto] supports-[content-visibility:auto]:[contain-intrinsic-size:auto_100lvh] scroll-mt-[calc(var(--header-height)+min(200px,max(70px,20svh)))]\" dir=\"auto\" tabindex=\"-1\" data-turn-id=\"request-682f6a2a-6af8-8004-9f05-f6137ac2a80f-1\" data-testid=\"conversation-turn-179\" data-scroll-anchor=\"false\" data-turn=\"assistant\">\n<div class=\"text-base my-auto mx-auto [--thread-content-margin:--spacing(4)] thread-sm:[--thread-content-margin:--spacing(6)] thread-lg:[--thread-content-margin:--spacing(16)] px-(--thread-content-margin)\">\n<div class=\"[--thread-content-max-width:40rem] thread-lg:[--thread-content-max-width:48rem] mx-auto max-w-(--thread-content-max-width) flex-1 group\/turn-messages focus-visible:outline-hidden relative flex w-full min-w-0 flex-col agent-turn\" tabindex=\"-1\">\n<div class=\"flex max-w-full flex-col grow\">\n<div class=\"min-h-8 text-message relative flex w-full flex-col items-end gap-2 text-start break-words whitespace-normal [.text-message+&amp;]:mt-1\" dir=\"auto\" data-message-author-role=\"assistant\" data-message-id=\"7673a1c0-36ea-4666-b47d-f2d960b2ffde\" data-message-model-slug=\"gpt-5\">\n<div class=\"flex w-full flex-col gap-1 empty:hidden first:pt-[1px]\">\n<div class=\"markdown prose dark:prose-invert w-full break-words light markdown-new-styling\">\n<p data-start=\"183\" data-end=\"601\">Gracias por visitar nuestro espacio y por descubrir la <strong data-start=\"238\" data-end=\"263\">manta sensorial personalizada \u00abKiara\u00bb.<\/strong><br data-start=\"268\" data-end=\"271\" \/>Confeccionada a mano con telas 100 % algod\u00f3n, Kiara combina suavidad, color y textura para acompa\u00f1ar cada etapa del desarrollo sensorial de tu beb\u00e9. Sus diferentes estampados y detalles invitan a tocar, explorar y aprender a trav\u00e9s del juego, estimulando la vista, el tacto y la curiosidad natural desde los primeros meses.<\/p>\n<p data-start=\"603\" data-end=\"907\">Kiara no es solo una manta: es un peque\u00f1o universo de descubrimientos pensado para favorecer la concentraci\u00f3n, la coordinaci\u00f3n y la conexi\u00f3n emocional durante el juego compartido. Cada pieza ha sido elegida con cari\u00f1o, cuidando cada puntada para ofrecer un producto seguro, duradero y lleno de encanto.<\/p>\n<p data-start=\"909\" data-end=\"1082\">Gracias por confiar en lo hecho a mano y por elegir a <strong data-start=\"963\" data-end=\"972\">Kiara<\/strong>, una manta sensorial creada para acompa\u00f1ar a tu beb\u00e9 en sus momentos m\u00e1s dulces y llenos de aprendizaje.<\/p>\n<\/div>\n<p data-start=\"909\" data-end=\"1082\">Medida: 100&#215;100<\/p>\n<p data-start=\"909\" data-end=\"1082\">Plazo de entrega: 15 dias<\/p>\n<p data-start=\"909\" data-end=\"1082\">Indica el nombre de tu peque en la cajita de mensajes al finalizar tu pedido<\/p>\n<\/div>\n<\/div>\n<\/div>\n<\/div>\n<\/div>\n<\/article>\n","protected":false},"excerpt":{"rendered":"<p>Gracias por visitar nuestro espacio y por descubrir la manta sensorial personalizada \u00abKiara\u00bb.Confeccionada a mano con telas 100 % algod\u00f3n, Kiara combina suavidad, color y textura para acompa\u00f1ar cada etapa [&hellip;]<\/p>\n","protected":false},"featured_media":1357,"comment_status":"open","ping_status":"closed","template":"","meta":[],"product_brand":[],"product_cat":[24],"product_tag":[],"class_list":{"0":"post-1355","1":"product","2":"type-product","3":"status-publish","4":"has-post-thumbnail","6":"product_cat-alfombra-sensorial","8":"first","9":"instock","10":"sale","11":"taxable","12":"shipping-taxable","13":"purchasable","14":"product-type-simple"},"jetpack_sharing_enabled":true,"_links":{"self":[{"href":"https:\/\/dechupet.in\/index.php\/wp-json\/wp\/v2\/product\/1355","targetHints":{"allow":["GET"]}}],"collection":[{"href":"https:\/\/dechupet.in\/index.php\/wp-json\/wp\/v2\/product"}],"about":[{"href":"https:\/\/dechupet.in\/index.php\/wp-json\/wp\/v2\/types\/product"}],"replies":[{"embeddable":true,"href":"https:\/\/dechupet.in\/index.php\/wp-json\/wp\/v2\/comments?post=1355"}],"wp:featuredmedia":[{"embeddable":true,"href":"https:\/\/dechupet.in\/index.php\/wp-json\/wp\/v2\/media\/1357"}],"wp:attachment":[{"href":"https:\/\/dechupet.in\/index.php\/wp-json\/wp\/v2\/media?parent=1355"}],"wp:term":[{"taxonomy":"product_brand","embeddable":true,"href":"https:\/\/dechupet.in\/index.php\/wp-json\/wp\/v2\/product_brand?post=1355"},{"taxonomy":"product_cat","embeddable":true,"href":"https:\/\/dechupet.in\/index.php\/wp-json\/wp\/v2\/product_cat?post=1355"},{"taxonomy":"product_tag","embeddable":true,"href":"https:\/\/dechupet.in\/index.php\/wp-json\/wp\/v2\/product_tag?post=1355"}],"curies":[{"name":"wp","href":"https:\/\/api.w.org\/{rel}","templated":true}]}}