{"id":1344,"date":"2025-09-26T12:43:25","date_gmt":"2025-09-26T10:43:25","guid":{"rendered":"https:\/\/dechupet.in\/?post_type=product&#038;p=1344"},"modified":"2025-09-26T12:43:25","modified_gmt":"2025-09-26T10:43:25","slug":"manta-sensorial-gaia","status":"publish","type":"product","link":"https:\/\/dechupet.in\/index.php\/product\/manta-sensorial-gaia\/","title":{"rendered":"Manta Sensorial \u00abGaia\u00bb"},"content":{"rendered":"<p>La manta sensorial \u00abGaia\u00bb est\u00e1 pensada para la estimulaci\u00f3n sensorial desde los primeros meses. Rica en texturas, colores y sonido es ideal para que tu beb\u00e9 experimente nuevas sensaciones.<\/p>\n<p>Por su forma rectangular, cuando tu peque se ponga de pie, puedes colocar la manta sobre el sof\u00e1 para que siga explotando sus posibilidades.<\/p>\n<p>Mide 60&#215;80 cm<\/p>\n<p>Si la quieres m\u00e1s grande, h\u00e1blanos por Instagram.<\/p>\n<p>Puede variar alg\u00fan estampado pero seguiremos manteniendo los mismos tonos.<\/p>\n<p>Plazo de entrega 15 dias<\/p>\n<p>&nbsp;<\/p>\n","protected":false},"excerpt":{"rendered":"<p>La manta sensorial \u00abGaia\u00bb est\u00e1 pensada para la estimulaci\u00f3n sensorial desde los primeros meses. Rica en texturas, colores y sonido es ideal para que tu beb\u00e9 experimente nuevas sensaciones. Por [&hellip;]<\/p>\n","protected":false},"featured_media":1345,"comment_status":"open","ping_status":"closed","template":"","meta":[],"product_brand":[],"product_cat":[64],"product_tag":[],"class_list":{"0":"post-1344","1":"product","2":"type-product","3":"status-publish","4":"has-post-thumbnail","6":"product_cat-alfombra-sensorial-2","8":"first","9":"instock","10":"sale","11":"taxable","12":"shipping-taxable","13":"purchasable","14":"product-type-simple"},"jetpack_sharing_enabled":true,"_links":{"self":[{"href":"https:\/\/dechupet.in\/index.php\/wp-json\/wp\/v2\/product\/1344","targetHints":{"allow":["GET"]}}],"collection":[{"href":"https:\/\/dechupet.in\/index.php\/wp-json\/wp\/v2\/product"}],"about":[{"href":"https:\/\/dechupet.in\/index.php\/wp-json\/wp\/v2\/types\/product"}],"replies":[{"embeddable":true,"href":"https:\/\/dechupet.in\/index.php\/wp-json\/wp\/v2\/comments?post=1344"}],"wp:featuredmedia":[{"embeddable":true,"href":"https:\/\/dechupet.in\/index.php\/wp-json\/wp\/v2\/media\/1345"}],"wp:attachment":[{"href":"https:\/\/dechupet.in\/index.php\/wp-json\/wp\/v2\/media?parent=1344"}],"wp:term":[{"taxonomy":"product_brand","embeddable":true,"href":"https:\/\/dechupet.in\/index.php\/wp-json\/wp\/v2\/product_brand?post=1344"},{"taxonomy":"product_cat","embeddable":true,"href":"https:\/\/dechupet.in\/index.php\/wp-json\/wp\/v2\/product_cat?post=1344"},{"taxonomy":"product_tag","embeddable":true,"href":"https:\/\/dechupet.in\/index.php\/wp-json\/wp\/v2\/product_tag?post=1344"}],"curies":[{"name":"wp","href":"https:\/\/api.w.org\/{rel}","templated":true}]}}