{"id":1337,"date":"2025-07-16T11:14:43","date_gmt":"2025-07-16T09:14:43","guid":{"rendered":"https:\/\/dechupet.in\/?post_type=product&#038;p=1337"},"modified":"2025-07-16T11:15:04","modified_gmt":"2025-07-16T09:15:04","slug":"mix-bienestar","status":"publish","type":"product","link":"https:\/\/dechupet.in\/index.php\/product\/mix-bienestar\/","title":{"rendered":"Mix Bienestar"},"content":{"rendered":"<p>A esta cajita la hemos llamado \u00abMix Bienestar\u00bb porque incluye varios art\u00edculos que te dar\u00e1n una sensaci\u00f3n de bienestar. En ella encontrar\u00e1s un saquito de flores secas de lavanda para calmar la vista y aliviar el dolor de cabeza. Un pack de 5 discos desmaquillantes confeccionados con rizo de bamb\u00fa. Un jab\u00f3n masajeador con lufa, un jab\u00f3n de arroz para el cuidado del cutis, cuello y manos, un jab\u00f3n m\u00edstico Mano de F\u00e1tima y un jab\u00f3n esot\u00e9rico de romero y ruda ideal para eliminar las energ\u00edas negativas del d\u00eda.<\/p>\n<p>Ideal para un bonito regalo para t\u00ed o para alguien a quien quieres sorprender.<\/p>\n<p>&nbsp;<\/p>\n","protected":false},"excerpt":{"rendered":"<p>A esta cajita la hemos llamado \u00abMix Bienestar\u00bb porque incluye varios art\u00edculos que te dar\u00e1n una sensaci\u00f3n de bienestar. En ella encontrar\u00e1s un saquito de flores secas de lavanda para [&hellip;]<\/p>\n","protected":false},"featured_media":1330,"comment_status":"open","ping_status":"closed","template":"","meta":[],"product_brand":[],"product_cat":[72],"product_tag":[],"class_list":{"0":"post-1337","1":"product","2":"type-product","3":"status-publish","4":"has-post-thumbnail","6":"product_cat-jabones-artesanales","8":"first","9":"instock","10":"sale","11":"taxable","12":"shipping-taxable","13":"purchasable","14":"product-type-simple"},"jetpack_sharing_enabled":true,"_links":{"self":[{"href":"https:\/\/dechupet.in\/index.php\/wp-json\/wp\/v2\/product\/1337","targetHints":{"allow":["GET"]}}],"collection":[{"href":"https:\/\/dechupet.in\/index.php\/wp-json\/wp\/v2\/product"}],"about":[{"href":"https:\/\/dechupet.in\/index.php\/wp-json\/wp\/v2\/types\/product"}],"replies":[{"embeddable":true,"href":"https:\/\/dechupet.in\/index.php\/wp-json\/wp\/v2\/comments?post=1337"}],"wp:featuredmedia":[{"embeddable":true,"href":"https:\/\/dechupet.in\/index.php\/wp-json\/wp\/v2\/media\/1330"}],"wp:attachment":[{"href":"https:\/\/dechupet.in\/index.php\/wp-json\/wp\/v2\/media?parent=1337"}],"wp:term":[{"taxonomy":"product_brand","embeddable":true,"href":"https:\/\/dechupet.in\/index.php\/wp-json\/wp\/v2\/product_brand?post=1337"},{"taxonomy":"product_cat","embeddable":true,"href":"https:\/\/dechupet.in\/index.php\/wp-json\/wp\/v2\/product_cat?post=1337"},{"taxonomy":"product_tag","embeddable":true,"href":"https:\/\/dechupet.in\/index.php\/wp-json\/wp\/v2\/product_tag?post=1337"}],"curies":[{"name":"wp","href":"https:\/\/api.w.org\/{rel}","templated":true}]}}