{"id":1280,"date":"2025-05-09T22:53:59","date_gmt":"2025-05-09T20:53:59","guid":{"rendered":"https:\/\/dechupet.in\/?post_type=product&#038;p=1280"},"modified":"2025-05-10T01:47:46","modified_gmt":"2025-05-09T23:47:46","slug":"manta-de-memorias","status":"publish","type":"product","link":"https:\/\/dechupet.in\/index.php\/product\/manta-de-memorias\/","title":{"rendered":"Manta de Memorias"},"content":{"rendered":"<p class=\"\" data-start=\"254\" data-end=\"414\"><a href=\"https:\/\/bit.ly\/dechupetin\">Cada prenda de tu beb\u00e9 guarda una historia.<\/a><br data-start=\"299\" data-end=\"302\" \/>Esa ropita con la que lleg\u00f3 a casa, el body que us\u00f3 en su primer paseo, ese pijamita que tanto te gustaba&#8230;<\/p>\n<p class=\"\" data-start=\"421\" data-end=\"570\">Con la <strong data-start=\"428\" data-end=\"449\">Manta de Memorias<\/strong>, transformamos esas peque\u00f1as prendas llenas de recuerdos en una pieza \u00fanica, hecha a mano, que podr\u00e1s abrazar siempre.<\/p>\n<p class=\"\" data-start=\"577\" data-end=\"742\">Es mucho m\u00e1s que una manta:<br data-start=\"604\" data-end=\"607\" \/>Es un homenaje a sus primeros momentos.<br data-start=\"651\" data-end=\"654\" \/>Es una forma de conservar lo que ya no le queda, pero jam\u00e1s vas a querer olvidar.<\/p>\n<p data-start=\"577\" data-end=\"742\">Esta manta mide 110&#215;190 cm<\/p>\n<p data-start=\"577\" data-end=\"742\">P\u00eddenos la medida que m\u00e1s se ajuste a tus deseos y te pasamos presupuesto<\/p>\n<p data-start=\"577\" data-end=\"742\">Plazo de entrega 20 d\u00edas<\/p>\n<p data-start=\"577\" data-end=\"742\">Si tienes dudas o quieres empezar la tuya, te ayudamos.<\/p>\n<p data-start=\"577\" data-end=\"742\"><a href=\"https:\/\/bit.ly\/dechupetin\">M\u00e1s info y contacto aqu\u00ed.<\/a><\/p>\n<p>&nbsp;<\/p>\n","protected":false},"excerpt":{"rendered":"<p>Confeccionamos una manta de memorias con la ropita de tu beb\u00e9.<\/p>\n","protected":false},"featured_media":1282,"comment_status":"open","ping_status":"closed","template":"","meta":[],"product_brand":[],"product_cat":[70],"product_tag":[],"class_list":{"0":"post-1280","1":"product","2":"type-product","3":"status-publish","4":"has-post-thumbnail","6":"product_cat-manta-de-memorias","8":"first","9":"instock","10":"sale","11":"taxable","12":"shipping-taxable","13":"purchasable","14":"product-type-simple"},"jetpack_sharing_enabled":true,"_links":{"self":[{"href":"https:\/\/dechupet.in\/index.php\/wp-json\/wp\/v2\/product\/1280","targetHints":{"allow":["GET"]}}],"collection":[{"href":"https:\/\/dechupet.in\/index.php\/wp-json\/wp\/v2\/product"}],"about":[{"href":"https:\/\/dechupet.in\/index.php\/wp-json\/wp\/v2\/types\/product"}],"replies":[{"embeddable":true,"href":"https:\/\/dechupet.in\/index.php\/wp-json\/wp\/v2\/comments?post=1280"}],"wp:featuredmedia":[{"embeddable":true,"href":"https:\/\/dechupet.in\/index.php\/wp-json\/wp\/v2\/media\/1282"}],"wp:attachment":[{"href":"https:\/\/dechupet.in\/index.php\/wp-json\/wp\/v2\/media?parent=1280"}],"wp:term":[{"taxonomy":"product_brand","embeddable":true,"href":"https:\/\/dechupet.in\/index.php\/wp-json\/wp\/v2\/product_brand?post=1280"},{"taxonomy":"product_cat","embeddable":true,"href":"https:\/\/dechupet.in\/index.php\/wp-json\/wp\/v2\/product_cat?post=1280"},{"taxonomy":"product_tag","embeddable":true,"href":"https:\/\/dechupet.in\/index.php\/wp-json\/wp\/v2\/product_tag?post=1280"}],"curies":[{"name":"wp","href":"https:\/\/api.w.org\/{rel}","templated":true}]}}