{"id":1238,"date":"2024-12-02T15:02:57","date_gmt":"2024-12-02T14:02:57","guid":{"rendered":"https:\/\/dechupet.in\/?post_type=product&#038;p=1238"},"modified":"2025-07-07T20:23:53","modified_gmt":"2025-07-07T18:23:53","slug":"cubo-sensorial-bigger","status":"publish","type":"product","link":"https:\/\/dechupet.in\/index.php\/product\/cubo-sensorial-bigger\/","title":{"rendered":"Cubo Sensorial \u00abBigger\u00bb"},"content":{"rendered":"<p>Hemos dise\u00f1ado este cubo sensorial pensando en los beb\u00e9s m\u00e1s mayores para que desarrollen la motricidad fina y la resolucion de problemas con formas. Indicado a partir de 9 o 10 meses aproximadamente en adelante.<\/p>\n<p>En este cubo hay actividades m\u00e1s avanzadas que les ayudar\u00e1n a identificar formas, comprender conceptos relacionados con medidas y tambien contribuir\u00e1n a que los peques aprendan a resolver problemas y mejoren su destreza manual.<\/p>\n<p>En las caras del cubo encontramos: cremallera, monta\u00f1a de rect\u00e1ngulos, tres formas geom\u00e9tricas, bolitas, cochecito m\u00f3vil y espejo extraible.<\/p>\n<p>Plazo de entrega: 1 semana<\/p>\n<p>&nbsp;<\/p>\n","protected":false},"excerpt":{"rendered":"<p>Hemos dise\u00f1ado este cubo sensorial pensando en los beb\u00e9s m\u00e1s mayores para que desarrollen la motricidad fina y la resolucion de problemas con formas. Indicado a partir de 9 o [&hellip;]<\/p>\n","protected":false},"featured_media":1239,"comment_status":"open","ping_status":"closed","template":"","meta":[],"product_brand":[],"product_cat":[23],"product_tag":[],"class_list":{"0":"post-1238","1":"product","2":"type-product","3":"status-publish","4":"has-post-thumbnail","6":"product_cat-cubo-sensorial","8":"first","9":"instock","10":"sale","11":"taxable","12":"shipping-taxable","13":"purchasable","14":"product-type-simple"},"jetpack_sharing_enabled":true,"_links":{"self":[{"href":"https:\/\/dechupet.in\/index.php\/wp-json\/wp\/v2\/product\/1238","targetHints":{"allow":["GET"]}}],"collection":[{"href":"https:\/\/dechupet.in\/index.php\/wp-json\/wp\/v2\/product"}],"about":[{"href":"https:\/\/dechupet.in\/index.php\/wp-json\/wp\/v2\/types\/product"}],"replies":[{"embeddable":true,"href":"https:\/\/dechupet.in\/index.php\/wp-json\/wp\/v2\/comments?post=1238"}],"wp:featuredmedia":[{"embeddable":true,"href":"https:\/\/dechupet.in\/index.php\/wp-json\/wp\/v2\/media\/1239"}],"wp:attachment":[{"href":"https:\/\/dechupet.in\/index.php\/wp-json\/wp\/v2\/media?parent=1238"}],"wp:term":[{"taxonomy":"product_brand","embeddable":true,"href":"https:\/\/dechupet.in\/index.php\/wp-json\/wp\/v2\/product_brand?post=1238"},{"taxonomy":"product_cat","embeddable":true,"href":"https:\/\/dechupet.in\/index.php\/wp-json\/wp\/v2\/product_cat?post=1238"},{"taxonomy":"product_tag","embeddable":true,"href":"https:\/\/dechupet.in\/index.php\/wp-json\/wp\/v2\/product_tag?post=1238"}],"curies":[{"name":"wp","href":"https:\/\/api.w.org\/{rel}","templated":true}]}}