{"id":1237,"date":"2024-12-02T12:51:21","date_gmt":"2024-12-02T11:51:21","guid":{"rendered":"https:\/\/dechupet.in\/?post_type=product&#038;p=1237"},"modified":"2025-07-07T20:25:26","modified_gmt":"2025-07-07T18:25:26","slug":"cesta-de-los-tesoros-little-doll","status":"publish","type":"product","link":"https:\/\/dechupet.in\/index.php\/product\/cesta-de-los-tesoros-little-doll\/","title":{"rendered":"Cesta de los Tesoros \u00abLittle Doll\u00bb"},"content":{"rendered":"<p>Dentro de nuestra oferta de juguetes sensoriales para beb\u00e9s, tenemos el Cesto de los Tesoros \u00abLittle Doll\u00bb<\/p>\n<p>El Cesto de los Tesoros es una herramienta de estimulaci\u00f3n sensorial para beb\u00e9s a partir de los 4 meses de edad. Consiste en una cesta llena de objetos cotidianos con diferentes texturas, formas, tama\u00f1os, colores y sonidos que los beb\u00e9s pueden explorar y manipular libremente bajo la supervisi\u00f3n de una adulto. Adem\u00e1s de los que nosotros presentamos en nuestro Cesto, los pap\u00e1s y mam\u00e1s pueden a\u00f1adir en el mismo, otros objetos que consideren adecuados, tales como cucharas, esponjas, pa\u00f1uelos, frutas y verduras de juguetes siempre teniendo cuidado que sean elementos que no presenten riesgo ninguno para los peque\u00f1os.<\/p>\n<p>En este cesto, tu beb\u00e9 encontrar\u00e1 10 piezas distintas con las que podr\u00e1 interactuar:\u00a0 Cuerda de nudos, 2 botellas sensoriales, flanera, cuchara, tacita , mu\u00f1equita , bobina de madera, espejo, pelota textura.<\/p>\n","protected":false},"excerpt":{"rendered":"<p>Dentro de nuestra oferta de juguetes sensoriales para beb\u00e9s, tenemos el Cesto de los Tesoros \u00abLittle Doll\u00bb El Cesto de los Tesoros es una herramienta de estimulaci\u00f3n sensorial para beb\u00e9s [&hellip;]<\/p>\n","protected":false},"featured_media":1230,"comment_status":"open","ping_status":"closed","template":"","meta":[],"product_brand":[],"product_cat":[27],"product_tag":[],"class_list":{"0":"post-1237","1":"product","2":"type-product","3":"status-publish","4":"has-post-thumbnail","6":"product_cat-cesta-de-los-tesoros","8":"first","9":"instock","10":"sale","11":"taxable","12":"shipping-taxable","13":"purchasable","14":"product-type-simple"},"jetpack_sharing_enabled":true,"_links":{"self":[{"href":"https:\/\/dechupet.in\/index.php\/wp-json\/wp\/v2\/product\/1237","targetHints":{"allow":["GET"]}}],"collection":[{"href":"https:\/\/dechupet.in\/index.php\/wp-json\/wp\/v2\/product"}],"about":[{"href":"https:\/\/dechupet.in\/index.php\/wp-json\/wp\/v2\/types\/product"}],"replies":[{"embeddable":true,"href":"https:\/\/dechupet.in\/index.php\/wp-json\/wp\/v2\/comments?post=1237"}],"wp:featuredmedia":[{"embeddable":true,"href":"https:\/\/dechupet.in\/index.php\/wp-json\/wp\/v2\/media\/1230"}],"wp:attachment":[{"href":"https:\/\/dechupet.in\/index.php\/wp-json\/wp\/v2\/media?parent=1237"}],"wp:term":[{"taxonomy":"product_brand","embeddable":true,"href":"https:\/\/dechupet.in\/index.php\/wp-json\/wp\/v2\/product_brand?post=1237"},{"taxonomy":"product_cat","embeddable":true,"href":"https:\/\/dechupet.in\/index.php\/wp-json\/wp\/v2\/product_cat?post=1237"},{"taxonomy":"product_tag","embeddable":true,"href":"https:\/\/dechupet.in\/index.php\/wp-json\/wp\/v2\/product_tag?post=1237"}],"curies":[{"name":"wp","href":"https:\/\/api.w.org\/{rel}","templated":true}]}}