{"id":1202,"date":"2024-11-17T16:27:37","date_gmt":"2024-11-17T15:27:37","guid":{"rendered":"https:\/\/dechupet.in\/?post_type=product&#038;p=1202"},"modified":"2025-07-06T13:00:46","modified_gmt":"2025-07-06T11:00:46","slug":"munequitas-quita-penas","status":"publish","type":"product","link":"https:\/\/dechupet.in\/index.php\/product\/munequitas-quita-penas\/","title":{"rendered":"Mu\u00f1equitas Quita Penas"},"content":{"rendered":"<p>Estas mu\u00f1ecas \u00abPeg Dolls\u00bb de madera de 6 cm. de altura est\u00e1n inspiradas en las mu\u00f1equitas quita penas guatemaltecas, que seg\u00fan una creencia maya, te ayudan a aliviar tus problemas. Seg\u00fan esta creencia, antes de dormir, debes contarle a la mu\u00f1equita tus problemas o angustias, la pones debajo de la almohada y durante la noche ella se lleva tus problemas para que duermas bien y descanses mejor. Al principio se hicieron para ayudar a ni\u00f1os y ni\u00f1as a dormir mejor pero ahora son incluso los adultos que las utilizan para descansar mejor y despertarse m\u00e1s tranquilos.<\/p>\n<p>Las mu\u00f1equitas quita penas son un regalo simb\u00f3lico perfecto para transmitir paz, alivio y bienestar tanto a los peque\u00f1os como a los mayores.<\/p>\n<p>Vienen en un pack de 4 unidades dentro de una bolsita. Utiliza una diferente cada noche para que las mu\u00f1ecas vayan descansando.<\/p>\n<p>No dudes que funcionan. Hay una base ci\u00e9ntifica que apoya su resultado.<\/p>\n<p>Los estampados de la ropita de las mu\u00f1ecas pueden variar.<\/p>\n<p>Plazo de entrega: 1 semana entre prepararlas y el env\u00edo.<\/p>\n","protected":false},"excerpt":{"rendered":"<p>Estas mu\u00f1ecas \u00abPeg Dolls\u00bb de madera de 6 cm. de altura est\u00e1n inspiradas en las mu\u00f1equitas quita penas guatemaltecas, que seg\u00fan una creencia maya, te ayudan a aliviar tus problemas. [&hellip;]<\/p>\n","protected":false},"featured_media":1207,"comment_status":"open","ping_status":"closed","template":"","meta":[],"product_brand":[],"product_cat":[71],"product_tag":[],"class_list":{"0":"post-1202","1":"product","2":"type-product","3":"status-publish","4":"has-post-thumbnail","6":"product_cat-sensorial","8":"first","9":"instock","10":"sale","11":"taxable","12":"shipping-taxable","13":"purchasable","14":"product-type-simple"},"jetpack_sharing_enabled":true,"_links":{"self":[{"href":"https:\/\/dechupet.in\/index.php\/wp-json\/wp\/v2\/product\/1202","targetHints":{"allow":["GET"]}}],"collection":[{"href":"https:\/\/dechupet.in\/index.php\/wp-json\/wp\/v2\/product"}],"about":[{"href":"https:\/\/dechupet.in\/index.php\/wp-json\/wp\/v2\/types\/product"}],"replies":[{"embeddable":true,"href":"https:\/\/dechupet.in\/index.php\/wp-json\/wp\/v2\/comments?post=1202"}],"wp:featuredmedia":[{"embeddable":true,"href":"https:\/\/dechupet.in\/index.php\/wp-json\/wp\/v2\/media\/1207"}],"wp:attachment":[{"href":"https:\/\/dechupet.in\/index.php\/wp-json\/wp\/v2\/media?parent=1202"}],"wp:term":[{"taxonomy":"product_brand","embeddable":true,"href":"https:\/\/dechupet.in\/index.php\/wp-json\/wp\/v2\/product_brand?post=1202"},{"taxonomy":"product_cat","embeddable":true,"href":"https:\/\/dechupet.in\/index.php\/wp-json\/wp\/v2\/product_cat?post=1202"},{"taxonomy":"product_tag","embeddable":true,"href":"https:\/\/dechupet.in\/index.php\/wp-json\/wp\/v2\/product_tag?post=1202"}],"curies":[{"name":"wp","href":"https:\/\/api.w.org\/{rel}","templated":true}]}}