{"id":1193,"date":"2024-11-11T21:52:23","date_gmt":"2024-11-11T20:52:23","guid":{"rendered":"https:\/\/dechupet.in\/?post_type=product&#038;p=1193"},"modified":"2025-07-08T09:45:46","modified_gmt":"2025-07-08T07:45:46","slug":"huerto","status":"publish","type":"product","link":"https:\/\/dechupet.in\/index.php\/product\/huerto\/","title":{"rendered":"Huerto Inspiraci\u00f3n Waldorf"},"content":{"rendered":"<p>A ni\u00f1os y ni\u00f1as les encanta jugar con el huerto y los vegetales. La magia de lo que da la tierra es algo que les emociona. Jugar con el huerto es un juego simb\u00f3lico que les ayuda a comprender la Naturaleza y a cuidarla. Estimula su imaginaci\u00f3n y creatividad. Aumentan su vocabulario y comparten su aprendizaje con la familia.<\/p>\n<p>Este huerto est\u00e1 ubicado en una caja de madera de 30 x 20 cm. La tierra es de fieltro y los vegetales est\u00e1n hechos a mano con tela. La cestita para la recolecci\u00f3n es de mimbre y mide 15 cm. de di\u00e1metro. Las medidas son ideales para las manos de los ni\u00f1os y cabe en cualquier parte. Ideal para jugar sobre la mesa, en el suelo, en la habitaci\u00f3n&#8230;.<\/p>\n<p>Un regalo perfecto para jugar y aprender.<\/p>\n","protected":false},"excerpt":{"rendered":"<p>A ni\u00f1os y ni\u00f1as les encanta jugar con el huerto y los vegetales. La magia de lo que da la tierra es algo que les emociona. Jugar con el huerto [&hellip;]<\/p>\n","protected":false},"featured_media":1198,"comment_status":"open","ping_status":"closed","template":"","meta":[],"product_brand":[],"product_cat":[35],"product_tag":[],"class_list":{"0":"post-1193","1":"product","2":"type-product","3":"status-publish","4":"has-post-thumbnail","6":"product_cat-inspiracion-waldorf","8":"first","9":"instock","10":"sale","11":"taxable","12":"shipping-taxable","13":"purchasable","14":"product-type-simple"},"jetpack_sharing_enabled":true,"_links":{"self":[{"href":"https:\/\/dechupet.in\/index.php\/wp-json\/wp\/v2\/product\/1193","targetHints":{"allow":["GET"]}}],"collection":[{"href":"https:\/\/dechupet.in\/index.php\/wp-json\/wp\/v2\/product"}],"about":[{"href":"https:\/\/dechupet.in\/index.php\/wp-json\/wp\/v2\/types\/product"}],"replies":[{"embeddable":true,"href":"https:\/\/dechupet.in\/index.php\/wp-json\/wp\/v2\/comments?post=1193"}],"wp:featuredmedia":[{"embeddable":true,"href":"https:\/\/dechupet.in\/index.php\/wp-json\/wp\/v2\/media\/1198"}],"wp:attachment":[{"href":"https:\/\/dechupet.in\/index.php\/wp-json\/wp\/v2\/media?parent=1193"}],"wp:term":[{"taxonomy":"product_brand","embeddable":true,"href":"https:\/\/dechupet.in\/index.php\/wp-json\/wp\/v2\/product_brand?post=1193"},{"taxonomy":"product_cat","embeddable":true,"href":"https:\/\/dechupet.in\/index.php\/wp-json\/wp\/v2\/product_cat?post=1193"},{"taxonomy":"product_tag","embeddable":true,"href":"https:\/\/dechupet.in\/index.php\/wp-json\/wp\/v2\/product_tag?post=1193"}],"curies":[{"name":"wp","href":"https:\/\/api.w.org\/{rel}","templated":true}]}}