{"id":1183,"date":"2024-10-25T17:21:09","date_gmt":"2024-10-25T15:21:09","guid":{"rendered":"https:\/\/dechupet.in\/?post_type=product&#038;p=1183"},"modified":"2025-07-08T09:41:42","modified_gmt":"2025-07-08T07:41:42","slug":"libro-sensorial-camping","status":"publish","type":"product","link":"https:\/\/dechupet.in\/index.php\/product\/libro-sensorial-camping\/","title":{"rendered":"Libro Sensorial \u00abCamping\u00bb"},"content":{"rendered":"<p>Lo hemos llamado\u00a0 \u00abCamping\u00bb por la tienda de campa\u00f1a de su portada. Est\u00e1 dise\u00f1ado para aproximadamente unos 3 a\u00f1os y especialmente pensado para estimular el desarrollo cognitivo, sensorial y motor de los ni\u00f1os y ni\u00f1as Con sus texturas, colores y actividades invita a explorar y descubrir, fortaleciendo su capacidad de concentraci\u00f3n y curiosidad. Al manipular los diferentes elementos, l@s peque\u00f1@s mejoran su coordinaci\u00f3n y habilidades motoras finas. Adem\u00e1s, este libro sensorial fomenta la creatividad y ayuda a establecer v\u00ednculos afectivos al compartir momentos con pap\u00e1 y mam\u00e1 o con los hermanitos.\u00a0 Ideal para fomentar la curiosidad, la concentraci\u00f3n y la coordinaci\u00f3n mano-ojo, proporcionando una experiencia de aprendizaje mientras juegan. Quieres uno igual para tu peque?<\/p>\n<p>Medidas: 20 x20 cm.<\/p>\n<p>Plazo de entrega: 10 dias<\/p>\n","protected":false},"excerpt":{"rendered":"<p>Lo hemos llamado\u00a0 \u00abCamping\u00bb por la tienda de campa\u00f1a de su portada. Est\u00e1 dise\u00f1ado para aproximadamente unos 3 a\u00f1os y especialmente pensado para estimular el desarrollo cognitivo, sensorial y motor [&hellip;]<\/p>\n","protected":false},"featured_media":1184,"comment_status":"open","ping_status":"closed","template":"","meta":[],"product_brand":[],"product_cat":[49],"product_tag":[],"class_list":{"0":"post-1183","1":"product","2":"type-product","3":"status-publish","4":"has-post-thumbnail","6":"product_cat-libro-sensorial","8":"first","9":"instock","10":"sale","11":"taxable","12":"shipping-taxable","13":"purchasable","14":"product-type-simple"},"jetpack_sharing_enabled":true,"_links":{"self":[{"href":"https:\/\/dechupet.in\/index.php\/wp-json\/wp\/v2\/product\/1183","targetHints":{"allow":["GET"]}}],"collection":[{"href":"https:\/\/dechupet.in\/index.php\/wp-json\/wp\/v2\/product"}],"about":[{"href":"https:\/\/dechupet.in\/index.php\/wp-json\/wp\/v2\/types\/product"}],"replies":[{"embeddable":true,"href":"https:\/\/dechupet.in\/index.php\/wp-json\/wp\/v2\/comments?post=1183"}],"wp:featuredmedia":[{"embeddable":true,"href":"https:\/\/dechupet.in\/index.php\/wp-json\/wp\/v2\/media\/1184"}],"wp:attachment":[{"href":"https:\/\/dechupet.in\/index.php\/wp-json\/wp\/v2\/media?parent=1183"}],"wp:term":[{"taxonomy":"product_brand","embeddable":true,"href":"https:\/\/dechupet.in\/index.php\/wp-json\/wp\/v2\/product_brand?post=1183"},{"taxonomy":"product_cat","embeddable":true,"href":"https:\/\/dechupet.in\/index.php\/wp-json\/wp\/v2\/product_cat?post=1183"},{"taxonomy":"product_tag","embeddable":true,"href":"https:\/\/dechupet.in\/index.php\/wp-json\/wp\/v2\/product_tag?post=1183"}],"curies":[{"name":"wp","href":"https:\/\/api.w.org\/{rel}","templated":true}]}}