{"id":1168,"date":"2024-10-11T13:02:11","date_gmt":"2024-10-11T11:02:11","guid":{"rendered":"https:\/\/dechupet.in\/?post_type=product&#038;p=1168"},"modified":"2026-01-17T08:59:41","modified_gmt":"2026-01-17T07:59:41","slug":"libro-casita-de-munecas","status":"publish","type":"product","link":"https:\/\/dechupet.in\/index.php\/product\/libro-casita-de-munecas\/","title":{"rendered":"Libro Casita de Mu\u00f1ecas"},"content":{"rendered":"<p>El libro casita de mu\u00f1ecas est\u00e1 pensado para que tanto ni\u00f1os como ni\u00f1as ejerciten el juego libre y simb\u00f3lico. La casita les ayuda a crear un escenario basado en sus experiencias cotidianas y a plasmar en el juego sus vivencias. Les ayuda igualmente a afianzar h\u00e1bitos y a desarrollar la psicomotricidad fina.<\/p>\n<p>Est\u00e1 confeccionada con telas de algod\u00f3n y fieltro. El tama\u00f1o de cada hoja es de 24 x 24 cm. y es f\u00e1cil de llevar a cualquier parte con sus asitas.<\/p>\n<p>Aconsejable a partir de 3 a\u00f1os.<\/p>\n<p>Plazo de entrega 10 dias.<\/p>\n","protected":false},"excerpt":{"rendered":"<p>El libro casita de mu\u00f1ecas est\u00e1 pensado para que tanto ni\u00f1os como ni\u00f1as ejerciten el juego libre y simb\u00f3lico. La casita les ayuda a crear un escenario basado en sus [&hellip;]<\/p>\n","protected":false},"featured_media":1172,"comment_status":"open","ping_status":"closed","template":"","meta":[],"product_brand":[],"product_cat":[49],"product_tag":[],"class_list":{"0":"post-1168","1":"product","2":"type-product","3":"status-publish","4":"has-post-thumbnail","6":"product_cat-libro-sensorial","8":"first","9":"instock","10":"sale","11":"taxable","12":"shipping-taxable","13":"purchasable","14":"product-type-simple"},"jetpack_sharing_enabled":true,"_links":{"self":[{"href":"https:\/\/dechupet.in\/index.php\/wp-json\/wp\/v2\/product\/1168","targetHints":{"allow":["GET"]}}],"collection":[{"href":"https:\/\/dechupet.in\/index.php\/wp-json\/wp\/v2\/product"}],"about":[{"href":"https:\/\/dechupet.in\/index.php\/wp-json\/wp\/v2\/types\/product"}],"replies":[{"embeddable":true,"href":"https:\/\/dechupet.in\/index.php\/wp-json\/wp\/v2\/comments?post=1168"}],"wp:featuredmedia":[{"embeddable":true,"href":"https:\/\/dechupet.in\/index.php\/wp-json\/wp\/v2\/media\/1172"}],"wp:attachment":[{"href":"https:\/\/dechupet.in\/index.php\/wp-json\/wp\/v2\/media?parent=1168"}],"wp:term":[{"taxonomy":"product_brand","embeddable":true,"href":"https:\/\/dechupet.in\/index.php\/wp-json\/wp\/v2\/product_brand?post=1168"},{"taxonomy":"product_cat","embeddable":true,"href":"https:\/\/dechupet.in\/index.php\/wp-json\/wp\/v2\/product_cat?post=1168"},{"taxonomy":"product_tag","embeddable":true,"href":"https:\/\/dechupet.in\/index.php\/wp-json\/wp\/v2\/product_tag?post=1168"}],"curies":[{"name":"wp","href":"https:\/\/api.w.org\/{rel}","templated":true}]}}