{"id":1157,"date":"2024-10-09T00:26:46","date_gmt":"2024-10-08T22:26:46","guid":{"rendered":"https:\/\/dechupet.in\/?post_type=product&#038;p=1157"},"modified":"2025-07-07T21:53:18","modified_gmt":"2025-07-07T19:53:18","slug":"manta-sensorial-colores","status":"publish","type":"product","link":"https:\/\/dechupet.in\/index.php\/product\/manta-sensorial-colores\/","title":{"rendered":"Manta Sensorial \u00abColores\u00bb"},"content":{"rendered":"<p>Si buscas juguetes sensoriales, las mantas o alfombras sensoriales son una opci\u00f3n perfecta para la estimulaci\u00f3n temprana de l@s beb\u00e9s<\/p>\n<p>Esta se llama \u00abColores\u00bb y mide 120 x 120 cm. Est\u00e1 confeccionada con tejidos estampados 100% de algod\u00f3n entre los que se encuentran tejidos de texturas para la estimulaci\u00f3n del tacto. El interior est\u00e1 provisto de una goata de 200 mm. de gramaje que la hace mullidita. Se compone de 6 cuadrados por fila y columna de 20\u00d720 cm. En esta medida ponemos mordedor extra\u00edble de madera natural, bolitas de madera natural, cintas de colores, cord\u00f3n de nudos de trapillo y 12 aplicaciones variadas de fieltro. Recomendamos colocarla sobre una superficie que la a\u00edsle del suelo para evitar que se ensucie. Puede lavarse a m\u00e1quina sin problema con un programa y centrifugado cortos. Plancharla siempre por la parte de atr\u00e1s.<\/p>\n<p>Plazo de entrega: 15 d\u00edas.<\/p>\n","protected":false},"excerpt":{"rendered":"<p>Si buscas juguetes sensoriales, las mantas o alfombras sensoriales son una opci\u00f3n perfecta para la estimulaci\u00f3n temprana de l@s beb\u00e9s Esta se llama \u00abColores\u00bb y mide 120 x 120 cm. [&hellip;]<\/p>\n","protected":false},"featured_media":1160,"comment_status":"open","ping_status":"closed","template":"","meta":[],"product_brand":[],"product_cat":[24],"product_tag":[],"class_list":{"0":"post-1157","1":"product","2":"type-product","3":"status-publish","4":"has-post-thumbnail","6":"product_cat-alfombra-sensorial","8":"first","9":"instock","10":"sale","11":"taxable","12":"shipping-taxable","13":"purchasable","14":"product-type-simple"},"jetpack_sharing_enabled":true,"_links":{"self":[{"href":"https:\/\/dechupet.in\/index.php\/wp-json\/wp\/v2\/product\/1157","targetHints":{"allow":["GET"]}}],"collection":[{"href":"https:\/\/dechupet.in\/index.php\/wp-json\/wp\/v2\/product"}],"about":[{"href":"https:\/\/dechupet.in\/index.php\/wp-json\/wp\/v2\/types\/product"}],"replies":[{"embeddable":true,"href":"https:\/\/dechupet.in\/index.php\/wp-json\/wp\/v2\/comments?post=1157"}],"wp:featuredmedia":[{"embeddable":true,"href":"https:\/\/dechupet.in\/index.php\/wp-json\/wp\/v2\/media\/1160"}],"wp:attachment":[{"href":"https:\/\/dechupet.in\/index.php\/wp-json\/wp\/v2\/media?parent=1157"}],"wp:term":[{"taxonomy":"product_brand","embeddable":true,"href":"https:\/\/dechupet.in\/index.php\/wp-json\/wp\/v2\/product_brand?post=1157"},{"taxonomy":"product_cat","embeddable":true,"href":"https:\/\/dechupet.in\/index.php\/wp-json\/wp\/v2\/product_cat?post=1157"},{"taxonomy":"product_tag","embeddable":true,"href":"https:\/\/dechupet.in\/index.php\/wp-json\/wp\/v2\/product_tag?post=1157"}],"curies":[{"name":"wp","href":"https:\/\/api.w.org\/{rel}","templated":true}]}}