{"id":1141,"date":"2024-09-28T11:41:18","date_gmt":"2024-09-28T09:41:18","guid":{"rendered":"https:\/\/dechupet.in\/?post_type=product&#038;p=1141"},"modified":"2025-07-06T13:23:37","modified_gmt":"2025-07-06T11:23:37","slug":"libro-sensorial-mini","status":"publish","type":"product","link":"https:\/\/dechupet.in\/index.php\/product\/libro-sensorial-mini\/","title":{"rendered":"Libro Sensorial \u00abMini\u00bb"},"content":{"rendered":"<p>El libro sensorial \u00abMini\u00bb est\u00e1 dise\u00f1ado especialmente para estimular el desarrollo de los m\u00e1s peque\u00f1os durante sus primeros meses de vida. Este libro combina colores vibrantes, texturas suaves y elementos visuales que captan la atenci\u00f3n de los beb\u00e9s, ayudando a desarrollar sus sentidos de manera integral. A trav\u00e9s de sus p\u00e1ginas, los ni\u00f1os pueden tocar distintas superficies, lo que favorece su desarrollo t\u00e1ctil. Los colores contrastantes y las formas simples promueven la agudeza visual, mientras que el uso de materiales no t\u00f3xicos asegura que es seguro para ellos explorar con la boca, una de las formas en que los beb\u00e9s descubren el mundo. Este tipo de libro es ideal para fomentar la curiosidad, la concentraci\u00f3n y la coordinaci\u00f3n mano-ojo, proporcionando una experiencia de aprendizaje temprano mientras juegan. Quieres uno igual para tu peque?<\/p>\n<p>Medidas: 11 cm x 11 cm. ideal para las peque\u00f1as manos del beb\u00e9.<\/p>\n<p>Plazo de entrega: 10 dias<\/p>\n","protected":false},"excerpt":{"rendered":"<p>El libro sensorial \u00abMini\u00bb est\u00e1 dise\u00f1ado especialmente para estimular el desarrollo de los m\u00e1s peque\u00f1os durante sus primeros meses de vida. Este libro combina colores vibrantes, texturas suaves y elementos [&hellip;]<\/p>\n","protected":false},"featured_media":1147,"comment_status":"open","ping_status":"closed","template":"","meta":[],"product_brand":[],"product_cat":[71],"product_tag":[],"class_list":{"0":"post-1141","1":"product","2":"type-product","3":"status-publish","4":"has-post-thumbnail","6":"product_cat-sensorial","8":"first","9":"instock","10":"sale","11":"taxable","12":"shipping-taxable","13":"purchasable","14":"product-type-simple"},"jetpack_sharing_enabled":true,"_links":{"self":[{"href":"https:\/\/dechupet.in\/index.php\/wp-json\/wp\/v2\/product\/1141","targetHints":{"allow":["GET"]}}],"collection":[{"href":"https:\/\/dechupet.in\/index.php\/wp-json\/wp\/v2\/product"}],"about":[{"href":"https:\/\/dechupet.in\/index.php\/wp-json\/wp\/v2\/types\/product"}],"replies":[{"embeddable":true,"href":"https:\/\/dechupet.in\/index.php\/wp-json\/wp\/v2\/comments?post=1141"}],"wp:featuredmedia":[{"embeddable":true,"href":"https:\/\/dechupet.in\/index.php\/wp-json\/wp\/v2\/media\/1147"}],"wp:attachment":[{"href":"https:\/\/dechupet.in\/index.php\/wp-json\/wp\/v2\/media?parent=1141"}],"wp:term":[{"taxonomy":"product_brand","embeddable":true,"href":"https:\/\/dechupet.in\/index.php\/wp-json\/wp\/v2\/product_brand?post=1141"},{"taxonomy":"product_cat","embeddable":true,"href":"https:\/\/dechupet.in\/index.php\/wp-json\/wp\/v2\/product_cat?post=1141"},{"taxonomy":"product_tag","embeddable":true,"href":"https:\/\/dechupet.in\/index.php\/wp-json\/wp\/v2\/product_tag?post=1141"}],"curies":[{"name":"wp","href":"https:\/\/api.w.org\/{rel}","templated":true}]}}