{"id":1100,"date":"2024-04-30T17:36:18","date_gmt":"2024-04-30T15:36:18","guid":{"rendered":"https:\/\/dechupet.in\/?post_type=product&#038;p=1100"},"modified":"2025-07-06T13:25:10","modified_gmt":"2025-07-06T11:25:10","slug":"libro-sensorial-arco-iris","status":"publish","type":"product","link":"https:\/\/dechupet.in\/index.php\/product\/libro-sensorial-arco-iris\/","title":{"rendered":"Libro Sensorial \u00abArco Iris\u00bb"},"content":{"rendered":"<p>El libro Sensorial \u00abArco Iris\u00bb contiene varios motivos del cielo que encantaran a tu peque y le ayudaran a conocer motivos como el sol, estrella, nube&#8230;<\/p>\n<p>Se abre como un acorde\u00f3n. Se puede lavar a maquina o a mano. Podr\u00e1s plancharlo tambi\u00e9n para dejarlo mas lisito despues del lavado y darle un toque de desinfecci\u00f3n con la plancha.<\/p>\n<p>Plazo de entrega: 1 semana aprox.<\/p>\n<p>&nbsp;<\/p>\n","protected":false},"excerpt":{"rendered":"<p>El libro Sensorial \u00abArco Iris\u00bb contiene varios motivos del cielo que encantaran a tu peque y le ayudaran a conocer motivos como el sol, estrella, nube&#8230; Se abre como un [&hellip;]<\/p>\n","protected":false},"featured_media":1103,"comment_status":"open","ping_status":"closed","template":"","meta":[],"product_brand":[],"product_cat":[71],"product_tag":[],"class_list":{"0":"post-1100","1":"product","2":"type-product","3":"status-publish","4":"has-post-thumbnail","6":"product_cat-sensorial","8":"first","9":"instock","10":"sale","11":"taxable","12":"shipping-taxable","13":"purchasable","14":"product-type-simple"},"jetpack_sharing_enabled":true,"_links":{"self":[{"href":"https:\/\/dechupet.in\/index.php\/wp-json\/wp\/v2\/product\/1100","targetHints":{"allow":["GET"]}}],"collection":[{"href":"https:\/\/dechupet.in\/index.php\/wp-json\/wp\/v2\/product"}],"about":[{"href":"https:\/\/dechupet.in\/index.php\/wp-json\/wp\/v2\/types\/product"}],"replies":[{"embeddable":true,"href":"https:\/\/dechupet.in\/index.php\/wp-json\/wp\/v2\/comments?post=1100"}],"wp:featuredmedia":[{"embeddable":true,"href":"https:\/\/dechupet.in\/index.php\/wp-json\/wp\/v2\/media\/1103"}],"wp:attachment":[{"href":"https:\/\/dechupet.in\/index.php\/wp-json\/wp\/v2\/media?parent=1100"}],"wp:term":[{"taxonomy":"product_brand","embeddable":true,"href":"https:\/\/dechupet.in\/index.php\/wp-json\/wp\/v2\/product_brand?post=1100"},{"taxonomy":"product_cat","embeddable":true,"href":"https:\/\/dechupet.in\/index.php\/wp-json\/wp\/v2\/product_cat?post=1100"},{"taxonomy":"product_tag","embeddable":true,"href":"https:\/\/dechupet.in\/index.php\/wp-json\/wp\/v2\/product_tag?post=1100"}],"curies":[{"name":"wp","href":"https:\/\/api.w.org\/{rel}","templated":true}]}}