{"id":1050,"date":"2024-01-15T18:43:13","date_gmt":"2024-01-15T17:43:13","guid":{"rendered":"https:\/\/dechupet.in\/?post_type=product&#038;p=1050"},"modified":"2025-07-09T12:42:36","modified_gmt":"2025-07-09T10:42:36","slug":"manta-sensorial-iradi","status":"publish","type":"product","link":"https:\/\/dechupet.in\/index.php\/product\/manta-sensorial-iradi\/","title":{"rendered":"Manta Sensorial \u00abIradi\u00bb"},"content":{"rendered":"<p>Manta Sensorial Iradi.<\/p>\n<p>Medidas 80&#215;80 cm<\/p>\n<blockquote><p>Desde los primeros meses.<\/p><\/blockquote>\n","protected":false},"excerpt":{"rendered":"<p>La manta sensorial \u00abIradi\u00bb mide 70 x 70 cm. Es uno de los juguetes sensoriales para beb\u00e9 que m\u00e1s ayudar\u00e1 a los chiquitines a desarrollar tanto sus capacidades sensoriales como motoras.<\/p>\n<p>Sobre ella ejercitar\u00e1 su musculatura al ponerle unos minutos boca a bajo, al tiempo que se distraer\u00e1 con los motivos de distintas formas, colores y texturas que ponemos sobre la manta.<\/p>\n<p>Tambi\u00e9n encontrara un mordedor de madera natural.<\/p>\n<p>Puede variar alg\u00fan estampado, seg\u00fan existencias pero siempre mantendremos las tonalidades del presente modelo.<\/p>\n<p>Quieres una igual para tu peque?<\/p>\n<p>Plazo de entrega: 10 dias aproximadamente entre hacerla y el envio.<\/p>\n","protected":false},"featured_media":1053,"comment_status":"open","ping_status":"closed","template":"","meta":[],"product_brand":[],"product_cat":[25],"product_tag":[],"class_list":{"0":"post-1050","1":"product","2":"type-product","3":"status-publish","4":"has-post-thumbnail","6":"product_cat-manta-sensorial","8":"first","9":"instock","10":"sale","11":"taxable","12":"shipping-taxable","13":"purchasable","14":"product-type-simple"},"jetpack_sharing_enabled":true,"_links":{"self":[{"href":"https:\/\/dechupet.in\/index.php\/wp-json\/wp\/v2\/product\/1050","targetHints":{"allow":["GET"]}}],"collection":[{"href":"https:\/\/dechupet.in\/index.php\/wp-json\/wp\/v2\/product"}],"about":[{"href":"https:\/\/dechupet.in\/index.php\/wp-json\/wp\/v2\/types\/product"}],"replies":[{"embeddable":true,"href":"https:\/\/dechupet.in\/index.php\/wp-json\/wp\/v2\/comments?post=1050"}],"wp:featuredmedia":[{"embeddable":true,"href":"https:\/\/dechupet.in\/index.php\/wp-json\/wp\/v2\/media\/1053"}],"wp:attachment":[{"href":"https:\/\/dechupet.in\/index.php\/wp-json\/wp\/v2\/media?parent=1050"}],"wp:term":[{"taxonomy":"product_brand","embeddable":true,"href":"https:\/\/dechupet.in\/index.php\/wp-json\/wp\/v2\/product_brand?post=1050"},{"taxonomy":"product_cat","embeddable":true,"href":"https:\/\/dechupet.in\/index.php\/wp-json\/wp\/v2\/product_cat?post=1050"},{"taxonomy":"product_tag","embeddable":true,"href":"https:\/\/dechupet.in\/index.php\/wp-json\/wp\/v2\/product_tag?post=1050"}],"curies":[{"name":"wp","href":"https:\/\/api.w.org\/{rel}","templated":true}]}}