{"id":1008,"date":"2023-11-21T10:40:46","date_gmt":"2023-11-21T09:40:46","guid":{"rendered":"https:\/\/dechupet.in\/?post_type=product&#038;p=1008"},"modified":"2025-07-09T13:04:36","modified_gmt":"2025-07-09T11:04:36","slug":"pack-sensorial-especial-black-friday","status":"publish","type":"product","link":"https:\/\/dechupet.in\/index.php\/product\/pack-sensorial-especial-black-friday\/","title":{"rendered":"PACK SENSORIAL \u00abSTAR\u00bb"},"content":{"rendered":"","protected":false},"excerpt":{"rendered":"<p>En este pack sensorial, tu beb\u00e9 encontrar\u00e1 distintos elementos que, como todos los juguetes sensoriales, estimular\u00e1n sus sentidos y le ayudar\u00e1n en su proceso de desarrollo cognitivo.<\/p>\n<p>En la cajita hay\u00a0 11\u00a0 piezas: Doudou chupetero, estrella sonajero, cometa Waldorf, sonajero Rodari, cord\u00f3n de nudos, pelota de textura (puede variar el color seg\u00fan existencias), saquito sonajero, mordedor animalito, dos botellas sensoriales, bobina de madera y bolsita para llevarlo todo. Puede variar alg\u00fan estampado pero mantendremos las tonalidades.<\/p>\n<p>Quieres un pack para tu peque? Lo preparamos para el o ella.<\/p>\n","protected":false},"featured_media":1009,"comment_status":"open","ping_status":"closed","template":"","meta":[],"product_brand":[],"product_cat":[65],"product_tag":[],"class_list":{"0":"post-1008","1":"product","2":"type-product","3":"status-publish","4":"has-post-thumbnail","6":"product_cat-juguete-sensorial","8":"first","9":"instock","10":"sale","11":"taxable","12":"shipping-taxable","13":"purchasable","14":"product-type-simple"},"jetpack_sharing_enabled":true,"_links":{"self":[{"href":"https:\/\/dechupet.in\/index.php\/wp-json\/wp\/v2\/product\/1008","targetHints":{"allow":["GET"]}}],"collection":[{"href":"https:\/\/dechupet.in\/index.php\/wp-json\/wp\/v2\/product"}],"about":[{"href":"https:\/\/dechupet.in\/index.php\/wp-json\/wp\/v2\/types\/product"}],"replies":[{"embeddable":true,"href":"https:\/\/dechupet.in\/index.php\/wp-json\/wp\/v2\/comments?post=1008"}],"wp:featuredmedia":[{"embeddable":true,"href":"https:\/\/dechupet.in\/index.php\/wp-json\/wp\/v2\/media\/1009"}],"wp:attachment":[{"href":"https:\/\/dechupet.in\/index.php\/wp-json\/wp\/v2\/media?parent=1008"}],"wp:term":[{"taxonomy":"product_brand","embeddable":true,"href":"https:\/\/dechupet.in\/index.php\/wp-json\/wp\/v2\/product_brand?post=1008"},{"taxonomy":"product_cat","embeddable":true,"href":"https:\/\/dechupet.in\/index.php\/wp-json\/wp\/v2\/product_cat?post=1008"},{"taxonomy":"product_tag","embeddable":true,"href":"https:\/\/dechupet.in\/index.php\/wp-json\/wp\/v2\/product_tag?post=1008"}],"curies":[{"name":"wp","href":"https:\/\/api.w.org\/{rel}","templated":true}]}}